{"id":77534,"date":"2026-03-13T14:37:59","date_gmt":"2026-03-13T13:37:59","guid":{"rendered":"https:\/\/cannahouse.be\/?post_type=product&#038;p=77534"},"modified":"2026-03-13T17:04:46","modified_gmt":"2026-03-13T16:04:46","slug":"pax-four-4-vaporizer","status":"publish","type":"product","link":"https:\/\/cannahouse.be\/nl\/product\/pax-four-4-vaporizer\/","title":{"rendered":"PAX FOUR (4) Vaporizer"},"content":{"rendered":"<h2>De nieuwe PAX FOUR (4) hybride Kruiden Vaporizer<\/h2>\n<div tabindex=\"0\" role=\"article\" data-tabster=\"{\" data-content=\"ai-message\" data-testid=\"ai-message\" aria-labelledby=\"tnXAq1SitJwfi7TD5zuSM-author tnXAq1SitJwfi7TD5zuSM-content-0\">\n<div class=\"space-y-3 mt-3\">\n<div id=\"tnXAq1SitJwfi7TD5zuSM-content-0\">\n<p>De <strong>PAX 4 Kruiden Vaporizer<\/strong> &#8211; of <strong>PAX Four<\/strong> &#8211; is voor degenen die graag de tijd nemen en genieten van rustigere sessies met een rijkere damp. Als je een <strong>PAX 3<\/strong> of een <strong>PAX Plus<\/strong> gebruikt, heeft de <strong>PAX 4<\/strong> precies hetzelfde vertrouwde gevoel, maar met een veel krachtiger verwarmingselement voor meer dichtheid en diepte.<\/p>\n<p>De <strong>PAX 4<\/strong> blijft trouw aan het PAX DNA: een <strong>draagbare, compacte, discrete kruiden vaporizer<\/strong> die in elke zak past en werkt met \u00e9\u00e9n knop. Geen app, geen scherm, geen ingewikkelde menu&#8217;s. Je kiest gewoon een van de <strong>4 temperatuurniveaus<\/strong>, wacht op de haptische trilling die aangeeft dat hij klaar is en geniet. Het is een vaporizer ontworpen voor mensen die een directe, effectieve ervaring willen.<\/p>\n<p>Als je van de <strong>PAX Mini<\/strong> komt, zal de <strong>PAX Four<\/strong> je meteen de indruk geven dat je roken naar een hoger niveau tilt. De sessies zijn voller, de damp expressiever, terwijl de soepele, progressieve stijl behouden blijft. De Four behoudt de eenvoud van de Mini, maar met een aromatische diepte en thermische consistentie die je voorheen niet had.<\/p>\n<\/div>\n<\/div>\n<\/div>\n<div tabindex=\"0\" role=\"article\" data-tabster=\"{\" data-content=\"ai-message\" data-testid=\"ai-message\" aria-labelledby=\"YLqh28ucY2Agxv8yFvS5d-author YLqh28ucY2Agxv8yFvS5d-content-0\">\n<div class=\"space-y-3 mt-3\">\n<div id=\"YLqh28ucY2Agxv8yFvS5d-content-0\">\n<h3>Hybride verwarming voor meer stoom<\/h3>\n<p>De <strong>PAX 4 Vaporizer<\/strong> is de eerste full-size draagbare vaporizer van PAX met <strong>hybride verwarming<\/strong>, en het is een echte game-changer. De wanden van de oven verhitten de kruiden rechtstreeks door <strong>geleiding<\/strong>, terwijl een stroom hete lucht door de kamer <strong>stroomt<\/strong> voor extra <strong>convectie<\/strong>. Door deze twee benaderingen te combineren, is de <strong>PAX Four<\/strong> in staat om de actieve en aromatische bestanddelen veel effectiever te extraheren dan met een enkele ge\u00efsoleerde methode.<\/p>\n<h3>\ud83c\udf21\ufe0f 4 temperatuurmodi<\/h3>\n<p>Het <strong>PAX Four<\/strong> heeft <strong>vier voorgedefinieerde instellingen<\/strong>, van <strong>190 \u00b0C tot 220 \u00b0C<\/strong>, elk geassocieerd met een kleur op het bloembladvormige LED-logo:<\/p>\n<ul>\n<li><strong>Paars &#8211; 190 \u00b0C<\/strong><\/li>\n<li><strong>Groen &#8211; 200 \u00b0C<\/strong><\/li>\n<li><strong>Geel &#8211; 210 \u00b0C<\/strong><\/li>\n<li><strong>Rood &#8211; 220 \u00b0C<\/strong><\/li>\n<\/ul>\n<p>Met een simpele druk op de knop schakel je van de ene modus naar de andere, zonder menu&#8217;s of ingewikkelde instellingen.<\/p>\n<p>De twee laagste niveaus, <strong>190\u00b0C en 200\u00b0C<\/strong>, brengen fijnere, meer genuanceerde smaken naar voren, met een lichte damp. De twee hogere niveaus, <strong>210\u00b0C en 220\u00b0C<\/strong>, produceren een dichtere, warmere en expressievere damp, ideaal voor wie op zoek is naar een intenser karakter en een vollere extractie.<\/p>\n<\/div>\n<\/div>\n<\/div>\n<div tabindex=\"0\" role=\"article\" data-tabster=\"{\" data-content=\"ai-message\" data-testid=\"ai-message\" aria-labelledby=\"3TQNVx7kPQDKE1mVE9e3z-author 3TQNVx7kPQDKE1mVE9e3z-content-0\">\n<div class=\"space-y-3 mt-3\">\n<div id=\"3TQNVx7kPQDKE1mVE9e3z-content-0\">\n<h3>\ud83c\udf2c\ufe0f De kamer vullen<\/h3>\n<p>De roestvrijstalen verwarmingskamer van de <strong>PAX 4<\/strong> kan tot <strong>0,3 g gedroogde kruiden<\/strong> bevatten. Dankzij de trechtervorm is het vullen heel eenvoudig: de uitlopende opening leidt de kruiden op natuurlijke wijze naar binnen, waardoor er minder afval rond de oven ontstaat en je niet na elke lading hoeft op te ruimen. De oven is uitsluitend ontworpen voor <strong>droge kruiden<\/strong> en is niet compatibel met concentraten of met het speciale inzetstuk van oudere modellen. Voor de beste resultaten maal je de kruiden tot een <strong>medium fijne<\/strong> consistentie, vul je de kamer tot aan de bovenkant en <strong>stamp je deze lichtjes aan<\/strong> voor een gelijkmatige verwarming.<\/p>\n<h3>\ud83d\udd0b Batterij en opladen<\/h3>\n<p>De <strong>PAX Four<\/strong> heeft een accu <strong>van 2.800 mAh<\/strong> die ongeveer <strong>50 minuten meegaat<\/strong>, of over het algemeen <strong>vier tot vijf sessies<\/strong>, afhankelijk van de gekozen temperatuur. Opladen gaat via <strong>USB-C<\/strong> en duurt ongeveer <strong>90 minuten<\/strong> om van leeg naar vol te gaan, hoewel de snelheid kan vari\u00ebren afhankelijk van de gebruikte kabel en adapter. Op elk moment kun je <strong>de PAX 4 schudden<\/strong> om het batterijniveau te controleren: elk brandend blaadje op het LED-logo vertegenwoordigt ongeveer <strong>25%<\/strong> resterende lading.<\/p>\n<\/div>\n<\/div>\n<\/div>\n<div tabindex=\"0\" role=\"article\" data-tabster=\"{\" data-content=\"ai-message\" data-testid=\"ai-message\" aria-labelledby=\"qNw2BWgTBAVVYH6RsXpGK-author qNw2BWgTBAVVYH6RsXpGK-content-0\">\n<div class=\"space-y-3 mt-3\">\n<div id=\"qNw2BWgTBAVVYH6RsXpGK-content-0\">\n<h3>\u25b6\ufe0f Hoe u uw PAX 4 Kruidenspuit gebruikt<\/h3>\n<p>De <strong>PAX 4 Vaporizer <\/strong> wordt volledig bediend met \u00e9\u00e9n knop, in de minimalistische geest van het merk. Het gebruik is eenvoudig en intu\u00eftief:<\/p>\n<ul>\n<li>Verwijder het deksel van de kamer, vul deze met de gemalen kruiden en roer lichtjes.<\/li>\n<li>Plaats het deksel terug en houd de knop ingedrukt om het apparaat in te schakelen.<\/li>\n<li>Druk kort om een van de vier verwarmingsstanden te selecteren.<\/li>\n<li>Wacht op het trillen: dit is het signaal dat de oven de geselecteerde temperatuur heeft bereikt. Het LED-logo geeft dan de kleur weer die overeenkomt met de actieve modus.<\/li>\n<li>Druk nogmaals op de knop om de spray uit te schakelen.<\/li>\n<\/ul>\n<p>De <strong>PAX Four vaporizer<\/strong> bereikt de temperatuur in <strong>55 tot 70 seconden<\/strong> na een koude start. Eenmaal warm houdt de oven de warmte zeer goed vast van de ene inhalatie tot de volgende, waardoor soepele, regelmatige sessies zonder prestatieverlies mogelijk zijn.<\/p>\n<\/div>\n<\/div>\n<\/div>\n<div tabindex=\"0\" role=\"article\" data-tabster=\"{\" data-content=\"ai-message\" data-testid=\"ai-message\" aria-labelledby=\"5Sb5udJVpPgCqWR1Az251-author 5Sb5udJVpPgCqWR1Az251-content-0\">\n<div class=\"space-y-3 mt-3\">\n<div id=\"5Sb5udJVpPgCqWR1Az251-content-0\">\n<h3>Stand-by en automatische uitschakeling<\/h3>\n<p>De <strong>PAX 4<\/strong> beheert zijn energie op intelligente wijze dankzij een reactief stand-by systeem. Na ongeveer <strong>30 seconden inactiviteit<\/strong> schakelt de vaporizer automatisch over op de stand-bymodus: het LED-logo wordt <strong>blauw<\/strong> en de kamer begint zachtjes af te koelen. Als er gedurende ongeveer <strong>60 seconden<\/strong> geen interactie wordt waargenomen, schakelt het apparaat volledig uit om de batterij te sparen en onnodige verwarming te voorkomen.<\/p>\n<p>Terugkeren naar de sessie gaat onmiddellijk: pak <strong>de PAX Four<\/strong> gewoon <strong>weer<\/strong> op en hij wordt snel geactiveerd en opgewarmd.<\/p>\n<h3>Reiniging en onderhoud<\/h3>\n<p>De <strong>PAX Four Vaporizer<\/strong> maakt gebruik van een <strong>gesloten stoompad<\/strong>, wat schone stoom garandeert, maar regelmatig onderhoud vereist. Een <strong>snelle borstelbeurt na elke sessie<\/strong>, terwijl de kamer nog een beetje warm is, voorkomt dat er resten achterblijven. De <strong>meegeleverde draadborstel<\/strong> is perfect geschikt voor deze snelle en eenvoudige handeling.<\/p>\n<p>Voor een grondiger reiniging om de <strong>\u00e9\u00e9n of twee weken<\/strong>, haal je gewoon het <strong>rooster uit de kamer<\/strong>, dompel je het in isopropylalcohol, spoel je het af en laat je het volledig drogen. De verwarmingskamer en het mondstuk kunnen op dezelfde manier gereinigd worden. Door de siliconen mondstukken voor elk gebruik met <strong>een vochtige doek<\/strong> af te nemen, blijven ze schoon, fris en aangenaam voor de mond.<\/p>\n<\/div>\n<\/div>\n<\/div>\n<h3>Inhoud van de doos<\/h3>\n<ul>\n<li><strong>PAX VIER<\/strong> spray <strong>(4)<\/strong><\/li>\n<li><strong>Plat mondstuk<\/strong><\/li>\n<li><strong>Verhoogd mondstuk<\/strong><\/li>\n<li><strong>3 verwarmingskamerroosters<\/strong><\/li>\n<li><strong>Multifunctioneel gereedschap<\/strong> (voor het stoppen en hanteren van het rooster)<\/li>\n<li><strong>Staalborstel<\/strong> voor reiniging<\/li>\n<li><strong>USB-C kabel<\/strong> voor opladen<\/li>\n<li><strong>Gebruikershandleiding<\/strong><\/li>\n<\/ul>\n<h3>Technische specificaties<\/h3>\n<ul>\n<li><strong>Afmetingen<\/strong>: 10,8 \u00d7 3,6 \u00d7 2,7 cm<\/li>\n<li><strong>Gewicht<\/strong>: 125 g<\/li>\n<li><strong>Type verwarming<\/strong>: Hybride (geleiding + convectie)<\/li>\n<li><strong>Opwarmtijd<\/strong>: Ongeveer 70 seconden<\/li>\n<li><strong>Batterij<\/strong>: 2800 mAh<\/li>\n<li><strong>Temperatuurbereik<\/strong>: 190\u00b0C tot 220\u00b0C<\/li>\n<li><strong>Fabrikant<\/strong>: PAX Labs PAX Labs<\/li>\n<\/ul>\n<div><\/div>\n","protected":false},"excerpt":{"rendered":"<p>De <strong>PAX 4 vaporizer<\/strong> is een <strong>draagbare kruiden vaporizer<\/strong>\u00a0met een <strong>hybride verhittingssysteem<\/strong> dat conductie en convectie combineert om een dichte damp te produceren. De <strong>PAX Four vaporizer<\/strong> biedt een eenvoudige bediening dankzij de enkele knop, de <strong>4 vooraf ingestelde temperaturen, de gemakkelijk te vullen kamer van 0,3 g en de snelle USB\u2011C\u2011oplaadfunctie<\/strong>, allemaal in een discreet en elegant ontwerp.<\/p>\n","protected":false},"featured_media":77585,"template":"","meta":[],"product_brand":[],"product_cat":[523,532],"product_tag":[],"class_list":{"0":"post-77534","1":"product","2":"type-product","3":"status-publish","4":"has-post-thumbnail","6":"product_cat-vaporizer","7":"product_cat-draagbare-vaporizer","9":"first","10":"instock","11":"taxable","12":"shipping-taxable","13":"purchasable","14":"product-type-variable"},"_links":{"self":[{"href":"https:\/\/cannahouse.be\/nl\/wp-json\/wp\/v2\/product\/77534","targetHints":{"allow":["GET"]}}],"collection":[{"href":"https:\/\/cannahouse.be\/nl\/wp-json\/wp\/v2\/product"}],"about":[{"href":"https:\/\/cannahouse.be\/nl\/wp-json\/wp\/v2\/types\/product"}],"version-history":[{"count":0,"href":"https:\/\/cannahouse.be\/nl\/wp-json\/wp\/v2\/product\/77534\/revisions"}],"wp:featuredmedia":[{"embeddable":true,"href":"https:\/\/cannahouse.be\/nl\/wp-json\/wp\/v2\/media\/77585"}],"wp:attachment":[{"href":"https:\/\/cannahouse.be\/nl\/wp-json\/wp\/v2\/media?parent=77534"}],"wp:term":[{"taxonomy":"product_brand","embeddable":true,"href":"https:\/\/cannahouse.be\/nl\/wp-json\/wp\/v2\/product_brand?post=77534"},{"taxonomy":"product_cat","embeddable":true,"href":"https:\/\/cannahouse.be\/nl\/wp-json\/wp\/v2\/product_cat?post=77534"},{"taxonomy":"product_tag","embeddable":true,"href":"https:\/\/cannahouse.be\/nl\/wp-json\/wp\/v2\/product_tag?post=77534"}],"curies":[{"name":"wp","href":"https:\/\/api.w.org\/{rel}","templated":true}]}}