{"id":72659,"date":"2025-09-02T12:36:13","date_gmt":"2025-09-02T10:36:13","guid":{"rendered":"https:\/\/cannahouse.be\/produit\/ho-karan-wonderbalsem-50ml\/"},"modified":"2025-09-02T12:36:13","modified_gmt":"2025-09-02T10:36:13","slug":"ho-karan-wonderbalsem-50ml","status":"publish","type":"product","link":"https:\/\/cannahouse.be\/nl\/product\/ho-karan-wonderbalsem-50ml\/","title":{"rendered":"HO KARAN &#8211; Wonderbalsem 50ml"},"content":{"rendered":"<p>Een cr\u00e8me boordevol natuurlijke actieve ingredi\u00ebnten met antioxiderende en regenererende eigenschappen. Elk ingredi\u00ebnt is geselecteerd op zijn vermogen om de huid te kalmeren, herstellen en revitaliseren. <\/p>\n<div>\n<div>\n<table>\n<thead>\n<tr>\n<th><strong>Natuurlijk actief ingredi\u00ebnt<\/strong><\/th>\n<th>\ud83d\udca1 <strong>Belangrijkste voordeel<\/strong><\/th>\n<\/tr>\n<\/thead>\n<tbody>\n<tr>\n<td><strong>CBD<\/strong><\/td>\n<td>Kalmeert huidspanning en vermindert ontstekingen<\/td>\n<\/tr>\n<tr>\n<td><strong>Hennepolie<\/strong><\/td>\n<td>Hydrateert, beschermt en verzacht de gevoelige huid<\/td>\n<\/tr>\n<tr>\n<td><strong>Sheaboter<\/strong><\/td>\n<td>Voedt intens en bevordert het herstel<\/td>\n<\/tr>\n<tr>\n<td><strong>Pro-collageen<\/strong><\/td>\n<td>Stimuleert de collageenproductie, verstevigt en regenereert<\/td>\n<\/tr>\n<\/tbody>\n<\/table>\n<\/div>\n<\/div>\n","protected":false},"excerpt":{"rendered":"<p><strong>Miracle Balm<\/strong> is een complete behandeling voor gezicht en lichaam, zowel zacht als krachtig. Het voedt intensief zonder een vettig laagje achter te laten, kalmeert de gevoelige huid (eczeem, psoriasis, zonnebrand) en verlicht spanningen door massage. Verrijkt met pro-collageen, helpt het de huid te verstevigen en de tekenen van veroudering te vertragen.  <\/p>\n","protected":false},"featured_media":72655,"template":"","meta":[],"product_brand":[],"product_cat":[524,538,542],"product_tag":[],"class_list":{"0":"post-72659","1":"product","2":"type-product","3":"status-publish","4":"has-post-thumbnail","6":"product_cat-cosmetica","7":"product_cat-body-care","8":"product_cat-facial-care","10":"first","11":"instock","12":"taxable","13":"shipping-taxable","14":"purchasable","15":"product-type-simple"},"_links":{"self":[{"href":"https:\/\/cannahouse.be\/nl\/wp-json\/wp\/v2\/product\/72659","targetHints":{"allow":["GET"]}}],"collection":[{"href":"https:\/\/cannahouse.be\/nl\/wp-json\/wp\/v2\/product"}],"about":[{"href":"https:\/\/cannahouse.be\/nl\/wp-json\/wp\/v2\/types\/product"}],"version-history":[{"count":0,"href":"https:\/\/cannahouse.be\/nl\/wp-json\/wp\/v2\/product\/72659\/revisions"}],"wp:featuredmedia":[{"embeddable":true,"href":"https:\/\/cannahouse.be\/nl\/wp-json\/wp\/v2\/media\/72655"}],"wp:attachment":[{"href":"https:\/\/cannahouse.be\/nl\/wp-json\/wp\/v2\/media?parent=72659"}],"wp:term":[{"taxonomy":"product_brand","embeddable":true,"href":"https:\/\/cannahouse.be\/nl\/wp-json\/wp\/v2\/product_brand?post=72659"},{"taxonomy":"product_cat","embeddable":true,"href":"https:\/\/cannahouse.be\/nl\/wp-json\/wp\/v2\/product_cat?post=72659"},{"taxonomy":"product_tag","embeddable":true,"href":"https:\/\/cannahouse.be\/nl\/wp-json\/wp\/v2\/product_tag?post=72659"}],"curies":[{"name":"wp","href":"https:\/\/api.w.org\/{rel}","templated":true}]}}