{"id":71578,"date":"2025-07-14T16:59:30","date_gmt":"2025-07-14T14:59:30","guid":{"rendered":"https:\/\/cannahouse.be\/produit\/mooie-huid-doos\/"},"modified":"2025-10-07T14:26:58","modified_gmt":"2025-10-07T12:26:58","slug":"mooie-huid-doos","status":"publish","type":"product","link":"https:\/\/cannahouse.be\/nl\/product\/mooie-huid-doos\/","title":{"rendered":"MOOIE HUID DOOS"},"content":{"rendered":"<p><strong>Belle Peau Geschenkset &#8211; Limited Holiday Edition<\/strong> Laat je huid stralen met dit natuurlijke schoonheidsritueel van topklasse, speciaal ontworpen voor de feestdagen.<\/p>\n<p>Deze exclusieve set bevat twee essenti\u00eble huidverzorgingsproducten voor een sublieme huid:<\/p>\n<ul>\n<li><strong>N\u00e9ocann HA \u00c9lixir S\u00e9rum (50 ml)<\/strong>: Een veganistisch serum met een geavanceerde antiverouderingsformule, verrijkt met hyaluronzuur, LIFTONIN\u00ae-XPERT en DEFENSIL\u00ae-SOFT. Het biedt intense hydratatie, verzacht rimpels en herdefinieert contouren voor een gerevitaliseerde, stralende teint. <\/li>\n<li><strong>Cremcann Hyaluron Cr\u00e8me (50 ml)<\/strong>: Een natuurlijke cr\u00e8me die drie soorten hyaluronzuur en voedende plantenoli\u00ebn combineert. Het verzacht, verstevigt en verheldert de huid en vermindert de tekenen van veroudering. <\/li>\n<\/ul>\n","protected":false},"excerpt":{"rendered":"<p><strong>Coffret Belle Peau Annabis<\/strong> Verwen je huid met dit verfijnde duo:<\/p>\n<ul>\n<li><strong>N\u00e9ocann HA Elixir Serum<\/strong>: diepe hydratatie, zichtbaar liftend effect en krachtige antiverouderende werking.<\/li>\n<li><strong>Cremcann Hyaluron Cr\u00e8me<\/strong>: voor een zijdezachte, stralende huid, dag en nacht.<\/li>\n<\/ul>\n","protected":false},"featured_media":71545,"template":"","meta":[],"product_brand":[],"product_cat":[889],"product_tag":[],"class_list":{"0":"post-71578","1":"product","2":"type-product","3":"status-publish","4":"has-post-thumbnail","6":"product_cat-cbd-cosmetica-geschenksets","8":"first","9":"outofstock","10":"taxable","11":"shipping-taxable","12":"purchasable","13":"product-type-simple"},"_links":{"self":[{"href":"https:\/\/cannahouse.be\/nl\/wp-json\/wp\/v2\/product\/71578","targetHints":{"allow":["GET"]}}],"collection":[{"href":"https:\/\/cannahouse.be\/nl\/wp-json\/wp\/v2\/product"}],"about":[{"href":"https:\/\/cannahouse.be\/nl\/wp-json\/wp\/v2\/types\/product"}],"version-history":[{"count":0,"href":"https:\/\/cannahouse.be\/nl\/wp-json\/wp\/v2\/product\/71578\/revisions"}],"wp:featuredmedia":[{"embeddable":true,"href":"https:\/\/cannahouse.be\/nl\/wp-json\/wp\/v2\/media\/71545"}],"wp:attachment":[{"href":"https:\/\/cannahouse.be\/nl\/wp-json\/wp\/v2\/media?parent=71578"}],"wp:term":[{"taxonomy":"product_brand","embeddable":true,"href":"https:\/\/cannahouse.be\/nl\/wp-json\/wp\/v2\/product_brand?post=71578"},{"taxonomy":"product_cat","embeddable":true,"href":"https:\/\/cannahouse.be\/nl\/wp-json\/wp\/v2\/product_cat?post=71578"},{"taxonomy":"product_tag","embeddable":true,"href":"https:\/\/cannahouse.be\/nl\/wp-json\/wp\/v2\/product_tag?post=71578"}],"curies":[{"name":"wp","href":"https:\/\/api.w.org\/{rel}","templated":true}]}}