{"id":66447,"date":"2025-03-20T16:34:44","date_gmt":"2025-03-20T15:34:44","guid":{"rendered":"https:\/\/cannahouse.be\/produit\/puffco-plus\/"},"modified":"2025-05-13T17:53:43","modified_gmt":"2025-05-13T15:53:43","slug":"puffco-plus","status":"publish","type":"product","link":"https:\/\/cannahouse.be\/nl\/product\/puffco-plus\/","title":{"rendered":"Puffco Plus"},"content":{"rendered":"<h2 data-start=\"0\" data-end=\"41\"><strong data-start=\"4\" data-end=\"39\">Ontdek Puffco Plus: de essentie van draagbare dabbing<\/strong><\/h2>\n<p data-start=\"64\" data-end=\"442\">De <strong data-start=\"67\" data-end=\"82\">Puffco Plus<\/strong> is de essenti\u00eble referentie om aan de slag te gaan in de wereld van concentraten. Deze bekroonde, alles-in-\u00e9\u00e9n dabpen is verbeterd om het gebruik nog makkelijker en intu\u00eftiever te maken. De tip bevat de <strong data-start=\"282\" data-end=\"290\">Dart<\/strong>, een uitschuifbare laadtool die direct in de keramische kamer past, wat een soepele, discrete en smakelijke ervaring garandeert.  <\/p>\n<p data-start=\"444\" data-end=\"745\">De Puffco Plus is voorzien van een <strong data-start=\"455\" data-end=\"471\">510-batterij<\/strong> met een enkele bedieningsknop en biedt drie nauwkeurige verwarmingsniveaus, een Sesh-modus en een verwarmingssysteem met continue druk. Gemakkelijk te gebruiken en ultra-draagbaar, de Puffco Plus is de ideale metgezel voor het genieten van je concentraten waar je ook gaat. <\/p>\n<h3 data-start=\"43\" data-end=\"245\"><strong data-start=\"45\" data-end=\"74\">Pure, heerlijke stoom<\/strong><\/h3>\n<p data-start=\"43\" data-end=\"245\">Dankzij hoogwaardige materialen, zonder vezels, kleefstoffen of weerstanden in het luchtcircuit.<\/p>\n<h3 data-start=\"247\" data-end=\"507\"><strong data-start=\"250\" data-end=\"291\">De Dart: eenvoudig, schoon laden<\/strong><\/h3>\n<p data-start=\"247\" data-end=\"507\">Het <strong data-start=\"325\" data-end=\"344\">verlengbare Dart<\/strong> bevindt zich in het mondstuk en maakt het laden gemakkelijker door het direct aan te sluiten op de kamer. Het nieuwe ge\u00ebmailleerde ontwerp en de geoptimaliseerde luchtstroom. <\/p>\n<h3 data-start=\"509\" data-end=\"683\"><strong data-start=\"512\" data-end=\"558\">Keramische kamer met siliconen grip<\/strong><\/h3>\n<p data-start=\"509\" data-end=\"683\">De ge\u00efntegreerde siliconen coating zorgt voor een comfortabele grip en beschermt je vingers wanneer de kamer opwarmt.<\/p>\n<h3 data-start=\"685\" data-end=\"790\"><strong data-start=\"688\" data-end=\"716\">Veelzijdige 510 batterij<\/strong><\/h3>\n<p data-start=\"685\" data-end=\"790\">Drie verwarmingsniveaus <strong data-start=\"744\" data-end=\"767\">(laag, medium, hoog)<\/strong> en verschillende modi:<\/p>\n<ul data-start=\"791\" data-end=\"968\">\n<li data-start=\"791\" data-end=\"846\"><strong data-start=\"793\" data-end=\"814\">Klassieke verwarming<\/strong>: houd de knop ingedrukt<\/li>\n<li data-start=\"847\" data-end=\"968\"><strong data-start=\"849\" data-end=\"862\">Seshmodus<\/strong>: dubbelklik voor een automatische verwarmingscyclus van 12 seconden, zonder de knop ingedrukt te hoeven houden.<\/li>\n<\/ul>\n<h3 data-start=\"0\" data-end=\"43\"><strong data-start=\"4\" data-end=\"41\">Inhoud van de doos &#8211; Puffco Plus<\/strong><\/h3>\n<ul>\n<li data-start=\"45\" data-end=\"566\"><strong data-start=\"48\" data-end=\"65\">Mondstuk<\/strong> &#8211; Comfortabel en discreet.<\/li>\n<li data-start=\"45\" data-end=\"566\"><strong data-start=\"131\" data-end=\"139\">Dart<\/strong> &#8211; Ge\u00efntegreerd, uitschuifbaar laadgereedschap voor schoon, gemakkelijk vullen.<\/li>\n<li data-start=\"45\" data-end=\"566\"><strong data-start=\"224\" data-end=\"267\">Keramische kamer + Siliconen grip<\/strong> &#8211; Gelijkmatige verwarming met een comfortabele grip.<\/li>\n<li data-start=\"45\" data-end=\"566\"><strong data-start=\"328\" data-end=\"344\">510 batterij<\/strong> &#8211; Compatibel met verschillende modi en drie verwarmingsniveaus.<\/li>\n<li data-start=\"45\" data-end=\"566\"><strong data-start=\"413\" data-end=\"435\">Supercharger Plus<\/strong> &#8211; Snel opladen voor optimaal gebruik.<\/li>\n<li data-start=\"45\" data-end=\"566\"><strong data-start=\"490\" data-end=\"505\">Wattenstaafjes<\/strong> &#8211; Voor eenvoudige verzorging en een schone slaapkamer.<\/li>\n<\/ul>\n","protected":false},"excerpt":{"rendered":"<p data-start=\"64\" data-end=\"442\">De <strong data-start=\"67\" data-end=\"82\">Puffco Plus<\/strong> is een bekroonde, alles-in-een dab pen die is verbeterd om het gebruik nog makkelijker en intu\u00eftiever te maken. Het mondstuk bevat de <strong data-start=\"282\" data-end=\"290\">Dart<\/strong>, een uitschuifbaar laadhulpmiddel dat direct in de keramische kamer past en zorgt voor een soepele, discrete en smakelijke ervaring. <\/p>\n","protected":false},"featured_media":66455,"template":"","meta":[],"product_brand":[],"product_cat":[532,523],"product_tag":[],"class_list":{"0":"post-66447","1":"product","2":"type-product","3":"status-publish","4":"has-post-thumbnail","6":"product_cat-draagbare-vaporizer","7":"product_cat-vaporizer","9":"first","10":"outofstock","11":"taxable","12":"shipping-taxable","13":"purchasable","14":"product-type-variable"},"_links":{"self":[{"href":"https:\/\/cannahouse.be\/nl\/wp-json\/wp\/v2\/product\/66447","targetHints":{"allow":["GET"]}}],"collection":[{"href":"https:\/\/cannahouse.be\/nl\/wp-json\/wp\/v2\/product"}],"about":[{"href":"https:\/\/cannahouse.be\/nl\/wp-json\/wp\/v2\/types\/product"}],"version-history":[{"count":0,"href":"https:\/\/cannahouse.be\/nl\/wp-json\/wp\/v2\/product\/66447\/revisions"}],"wp:featuredmedia":[{"embeddable":true,"href":"https:\/\/cannahouse.be\/nl\/wp-json\/wp\/v2\/media\/66455"}],"wp:attachment":[{"href":"https:\/\/cannahouse.be\/nl\/wp-json\/wp\/v2\/media?parent=66447"}],"wp:term":[{"taxonomy":"product_brand","embeddable":true,"href":"https:\/\/cannahouse.be\/nl\/wp-json\/wp\/v2\/product_brand?post=66447"},{"taxonomy":"product_cat","embeddable":true,"href":"https:\/\/cannahouse.be\/nl\/wp-json\/wp\/v2\/product_cat?post=66447"},{"taxonomy":"product_tag","embeddable":true,"href":"https:\/\/cannahouse.be\/nl\/wp-json\/wp\/v2\/product_tag?post=66447"}],"curies":[{"name":"wp","href":"https:\/\/api.w.org\/{rel}","templated":true}]}}