{"id":58065,"date":"2024-10-14T16:54:19","date_gmt":"2024-10-14T14:54:19","guid":{"rendered":"https:\/\/cannahouse.be\/?post_type=product&#038;p=58065"},"modified":"2025-10-07T14:27:02","modified_gmt":"2025-10-07T12:27:02","slug":"nieuw-cremcann-hyaluron-natuurlijke-gezichtscreme-50ml-annabis","status":"publish","type":"product","link":"https:\/\/cannahouse.be\/nl\/product\/nieuw-cremcann-hyaluron-natuurlijke-gezichtscreme-50ml-annabis\/","title":{"rendered":"NIEUW Cremcann Hyaluron natuurlijke gezichtscr\u00e8me 50ml &#8211; Annabis"},"content":{"rendered":"<h2>Natuurlijke verzorging voor gezicht en hals met Cremcann Hyaluron<\/h2>\n<p>Ontdek de exclusiviteit van de formule van Cremcann Hyaluron, verrijkt met natuurlijke actieve ingredi\u00ebnten, speciaal ontwikkeld voor de dagelijkse verzorging van je huid.<\/p>\n<h3>Hoofdingredi\u00ebnten :<\/h3>\n<ul>\n<li><strong>Hennepzaadolie en -extract<\/strong> voor diepe hydratatie<\/li>\n<li><strong>Amandelolie<\/strong> en <strong>sheaboter<\/strong> om de huid te voeden<\/li>\n<li><strong>Natriumhyaluronaat<\/strong> (zout van hyaluronzuur) voor de antiverouderingseffecten<\/li>\n<li>De verzachtende voordelen van<strong>lavendelolie<\/strong> en<strong>sandelhoutschorsolie<\/strong><\/li>\n<li><strong>Bijenwas<\/strong> voor een rijke, beschermende textuur<\/li>\n<\/ul>\n<h3><strong>Aanbevolen gebruik :<\/strong><\/h3>\n<div><em>Cremcann Hyaluron<\/em> is ideaal voor de dagelijkse verzorging van gezicht, hals en decollet\u00e9. Regelmatig aanbrengen gedurende de dag of na het verwijderen van make-up voor het beste resultaat. Gebruik binnen 6 maanden na opening voor optimale doeltreffendheid.  <\/div>\n","protected":false},"excerpt":{"rendered":"<p>Omarm veroudering in stijl met <strong>Cremcann Hyaluron<\/strong>, een natuurlijke vochtinbrengende gezichtscr\u00e8me die is ontwikkeld om de tekenen van veroudering tegen te gaan en je huid te voorzien van het essenti\u00eble vocht dat ze nodig heeft. Deze cr\u00e8me bevat drie soorten hyaluronzuur om een gladdere, soepelere en stralende huid te ondersteunen.<\/p>\n","protected":false},"featured_media":66557,"template":"","meta":[],"product_brand":[],"product_cat":[524,542],"product_tag":[],"class_list":{"0":"post-58065","1":"product","2":"type-product","3":"status-publish","4":"has-post-thumbnail","6":"product_cat-cosmetica","7":"product_cat-facial-care","9":"first","10":"instock","11":"sale","12":"taxable","13":"shipping-taxable","14":"purchasable","15":"product-type-simple"},"_links":{"self":[{"href":"https:\/\/cannahouse.be\/nl\/wp-json\/wp\/v2\/product\/58065","targetHints":{"allow":["GET"]}}],"collection":[{"href":"https:\/\/cannahouse.be\/nl\/wp-json\/wp\/v2\/product"}],"about":[{"href":"https:\/\/cannahouse.be\/nl\/wp-json\/wp\/v2\/types\/product"}],"version-history":[{"count":0,"href":"https:\/\/cannahouse.be\/nl\/wp-json\/wp\/v2\/product\/58065\/revisions"}],"wp:featuredmedia":[{"embeddable":true,"href":"https:\/\/cannahouse.be\/nl\/wp-json\/wp\/v2\/media\/66557"}],"wp:attachment":[{"href":"https:\/\/cannahouse.be\/nl\/wp-json\/wp\/v2\/media?parent=58065"}],"wp:term":[{"taxonomy":"product_brand","embeddable":true,"href":"https:\/\/cannahouse.be\/nl\/wp-json\/wp\/v2\/product_brand?post=58065"},{"taxonomy":"product_cat","embeddable":true,"href":"https:\/\/cannahouse.be\/nl\/wp-json\/wp\/v2\/product_cat?post=58065"},{"taxonomy":"product_tag","embeddable":true,"href":"https:\/\/cannahouse.be\/nl\/wp-json\/wp\/v2\/product_tag?post=58065"}],"curies":[{"name":"wp","href":"https:\/\/api.w.org\/{rel}","templated":true}]}}