{"id":55009,"date":"2024-08-02T18:18:06","date_gmt":"2024-08-02T16:18:06","guid":{"rendered":"https:\/\/cannahouse.be\/?post_type=product&#038;p=55009"},"modified":"2026-04-04T10:32:22","modified_gmt":"2026-04-04T08:32:22","slug":"pax-plus-starter-kit-vaporisateur","status":"publish","type":"product","link":"https:\/\/cannahouse.be\/nl\/product\/pax-plus-starter-kit-vaporisateur\/","title":{"rendered":"Pax Plus Starter Kit Vaporizer"},"content":{"rendered":"<h2>PAX Plus: Draagbaar Vaporizer van topklasse<\/h2>\n<p data-sourcepos=\"7:1-7:281\">De <strong>PAX Plus Starter Kit<\/strong> is de ideale toegangspoort tot een wereld van unieke smaken en sensaties. Deze draagbare vaporizer, ontworpen voor liefhebbers van gedroogde kruiden en <strong>concentraten<\/strong>, geeft je een hoogwaardige, gepersonaliseerde vaping-ervaring. <\/p>\n<p data-sourcepos=\"7:1-7:281\">Let op :<strong> <a href=\"https:\/\/cannahouse.be\/nl\/product\/adapter-concentre-pax\/\">de adapter voor concentraten<\/a><\/strong> is niet inbegrepen in de basisset. het wordt alleen geleverd met de <a href=\"https:\/\/cannahouse.be\/nl\/product\/pax-plus-vaporizer\/\"><strong>Pax plus kit complet.<\/strong><\/a> <\/p>\n<p data-sourcepos=\"9:1-9:15\">De kit bevat alles wat je nodig hebt om aan de slag te gaan:<\/p>\n<ul>\n<li data-sourcepos=\"9:1-9:15\">Een elegante, compacte <strong>PAX Plus vaporizer<\/strong>,<\/li>\n<li data-sourcepos=\"9:1-9:15\">Een <strong>verhoogd mondstuk<\/strong>,<\/li>\n<li data-sourcepos=\"9:1-9:15\">Een <strong>ovendeksel<\/strong> om de warmte beter vast te houden<\/li>\n<\/ul>\n<h3 data-sourcepos=\"11:1-11:45\"><strong>Nauwkeurig spuiten op maat<\/strong><\/h3>\n<p data-sourcepos=\"13:1-13:189\">Met zijn <strong>meerdere temperatuurinstellingen<\/strong> kun je met de PAX Plus je vaping-sessie aanpassen aan je voorkeuren en de aard van je plantmateriaal. Of je nu op zoek bent naar een dichte, meer discrete damp, de PAX Plus voldoet aan al je verwachtingen. <\/p>\n<h3 data-sourcepos=\"15:1-15:36\"><strong>Elegant en discreet ontwerp<\/strong><\/h3>\n<p data-sourcepos=\"17:1-17:191\">Het minimalistische, strakke ontwerp van de PAX Plus maakt het een alledaags object dat even aantrekkelijk als functioneel is. Dankzij het compacte formaat kunt u hem overal mee naartoe nemen, in alle discretie. <\/p>\n<h3 data-sourcepos=\"19:1-19:38\"><strong>Waarom kiezen voor PAX Plus?<\/strong><\/h3>\n<ul data-sourcepos=\"21:1-26:0\">\n<li data-sourcepos=\"21:1-21:85\"><strong>Veelzijdigheid:<\/strong> Compatibel met droge grassen, harsen en concentraten.<\/li>\n<li data-sourcepos=\"22:1-22:90\"><strong>Aanpassing:<\/strong> Meerdere temperatuurinstellingen voor een ervaring op maat.<\/li>\n<li data-sourcepos=\"23:1-23:93\"><strong>Discretie:<\/strong> Compact, elegant ontwerp, ideaal voor discreet gebruik.<\/li>\n<li data-sourcepos=\"24:1-24:102\"><strong>Kwaliteit:<\/strong> Hoogwaardige materialen en zorgvuldig vakmanschap voor een onfeilbare duurzaamheid.<\/li>\n<li data-sourcepos=\"25:1-26:0\"><strong>Gebruiksvriendelijk:<\/strong> \u00e9\u00e9n knop om alle functies te bedienen.<\/li>\n<\/ul>\n<h3 class=\"\" data-sourcepos=\"9:1-9:33\">Belevingsmodus, de innovatie van Pax plus<\/h3>\n<p data-sourcepos=\"10:1-10:83\">De PAX Plus biedt vier verwarmingsstanden om aan je voorkeuren te voldoen:<\/p>\n<ul data-sourcepos=\"12:1-12:8\">\n<li data-sourcepos=\"12:1-12:8\"><strong>Mode Furtif (1 p\u00e9tale violet):<\/strong> De 175 \u00e0 180\u00b0C, id\u00e9al pour une utilisation discr\u00e8te, il produit une vapeur minimale tout en gardant un go\u00fbt optimal. La temp\u00e9rature plus basse permet de pr\u00e9server vos herbes s\u00e8ches plus longtemps.<br \/>\nCe mode offre une exp\u00e9rience plus douce et moins intense. L&#8217;activation se fait de mani\u00e8re \u00e0 maintenir enfonc\u00e9 le bouton du PAX Plus jusqu&#8217;\u00e0 ce qu&#8217;un seul p\u00e9tale s&#8217;illumine  <\/li>\n<li data-sourcepos=\"13:1-13:144\"><strong>Effici\u00ebntiemodus (2 blauwe bloemblaadjes):<\/strong> Van 180 tot 215\u00b0C biedt deze modus optimaal verbruik van je plantmateriaal, met dichte, smaakvolle stoom. Het biedt een goed compromis tussen smaakbehoud en een intensere ervaring dan de stealth modus. Deze modus is geoptimaliseerd voor lange, rustige sessies. Houd gewoon de knop op de PAX Plus ingedrukt totdat er twee bloemblaadjes oplichten om de effici\u00ebntiemodus te activeren.   <\/li>\n<li data-sourcepos=\"14:1-14:138\"><strong>Smaakmodus (3 gele bloemblaadjes):<\/strong> Van 190 tot 205\u00b0C bereikt deze stand een hogere temperatuur dan de vorige standen, zodat je de maximale smaak uit je materiaal kunt halen. Er wordt sneller meer stoom geproduceerd. De terpenen die verantwoordelijk zijn voor de smaken worden bij deze temperatuur beter ge\u00ebxtraheerd. Houd de Pax Plus knop ingedrukt tot de 3 bloemblaadjes verschijnen om de Flavour modus te activeren.   <\/li>\n<li data-sourcepos=\"15:1-16:0\"><strong>Boostmodus (4 rode bloemblaadjes):<\/strong> Van 215 tot 220\u00b0C bereikt deze modus de hoogste temperatuur van alle modi, waardoor de actieve bestanddelen snel en volledig uit je materiaal worden ge\u00ebxtraheerd. Je krijgt dichte, overvloedige dampwolken. Houd de Pax Plus-knop ingedrukt tot de 4 bloemblaadjes verschijnen.\n<ul data-sourcepos=\"12:1-12:8\">\n<li data-sourcepos=\"15:1-16:0\"><strong>Ideaal voor concentraten:<\/strong> De Boost-modus is bijzonder geschikt voor het verdampen van concentraten, die een hogere temperatuur nodig hebben om goed te verdampen.<\/li>\n<\/ul>\n<\/li>\n<\/ul>\n<h3 data-sourcepos=\"27:1-27:40\"><strong>Voordelen van verdamping<\/strong><\/h3>\n<p data-sourcepos=\"29:1-29:96\">Verdampen is een alternatieve consumptiemethode met een aantal voordelen:<\/p>\n<ul data-sourcepos=\"31:1-32:31\">\n<li data-sourcepos=\"31:1-31:87\"><strong>Behoud van smaken:<\/strong> aroma&#8217;s blijven beter behouden dan bij verbranding.<\/li>\n<li data-sourcepos=\"32:1-32:31\"><strong>Minder irriterende stoffen:<\/strong> De geproduceerde stoom is minder irriterend voor de luchtwegen.<\/li>\n<li data-sourcepos=\"33:1-33:77\"><strong>Zuiniger verbruik:<\/strong> Je gebruikt minder plantaardig materiaal.<\/li>\n<li data-sourcepos=\"34:1-35:0\"><strong>Discretie:<\/strong> De damp verdwijnt snel en geuren zijn minder uitgesproken.<\/li>\n<\/ul>\n<p>Er is een vaporizer voor elke smaak en elk budget. Of je nu de voorkeur geeft aan <a href=\"https:\/\/cannahouse.be\/nl\/categorie\/vaporizer\/draagbare-vaporizer\/\"><strong>draagbare<\/strong><\/a> discrete modellen voor onderweg of <a href=\"https:\/\/cannahouse.be\/nl\/categorie\/vaporizer\/desktop-vaporizer\/\"><strong>salon vaporisers<\/strong><\/a> voor langere, meer ontspannende sessies, je zult zeker het perfecte apparaat vinden. Verdampen is de kunst van het personaliseren van je ervaring en fabrikanten bieden een veelheid aan opties om aan elke gril te voldoen.  <\/p>\n<h3 data-sourcepos=\"36:1-36:62\"><strong>Ontdek de wereld van verdamping met de PAX Plus<\/strong><\/h3>\n<p data-sourcepos=\"38:1-38:214\">Maar als je op zoek bent naar een nieuwe manier om je favoriete planten te consumeren met een completer pakket, dan is de <strong>PAX Plus Complete Kit<\/strong> iets voor jou. Trakteer jezelf op een eersteklas vaping-ervaring die zowel eenvoudig als effectief is. <\/p>\n","protected":false},"excerpt":{"rendered":"<p><strong>PAX Plus Starter Kit :<\/strong><\/p>\n<p>De ultieme draagbare vaporizer. Discreet, elegant en krachtig, biedt hij een vape-ervaring op maat. Ideaal om te genieten van je droge, geconcentreerde kruiden.  <\/p>\n<p>Hier is een starterkit voor een uitzonderlijke vaping ervaring. Deze draagbare vaporizer van topklasse bevat: <\/p>\n<ul>\n<li>een PAX Plus<\/li>\n<li>een verhoogde eindkap<\/li>\n<li>een ovendeksel<\/li>\n<li>een oplaadkabel<\/li>\n<\/ul>\n<p>Het elegante, compacte ontwerp maakt het een ideale reisgenoot. Geniet van pure, lekkere stoom dankzij de meerdere temperatuurinstellingen. <\/p>\n","protected":false},"featured_media":54928,"template":"","meta":[],"product_brand":[],"product_cat":[523,532],"product_tag":[],"class_list":{"0":"post-55009","1":"product","2":"type-product","3":"status-publish","4":"has-post-thumbnail","6":"product_cat-vaporizer","7":"product_cat-draagbare-vaporizer","9":"first","10":"instock","11":"sale","12":"taxable","13":"shipping-taxable","14":"purchasable","15":"product-type-variable"},"_links":{"self":[{"href":"https:\/\/cannahouse.be\/nl\/wp-json\/wp\/v2\/product\/55009","targetHints":{"allow":["GET"]}}],"collection":[{"href":"https:\/\/cannahouse.be\/nl\/wp-json\/wp\/v2\/product"}],"about":[{"href":"https:\/\/cannahouse.be\/nl\/wp-json\/wp\/v2\/types\/product"}],"version-history":[{"count":0,"href":"https:\/\/cannahouse.be\/nl\/wp-json\/wp\/v2\/product\/55009\/revisions"}],"wp:featuredmedia":[{"embeddable":true,"href":"https:\/\/cannahouse.be\/nl\/wp-json\/wp\/v2\/media\/54928"}],"wp:attachment":[{"href":"https:\/\/cannahouse.be\/nl\/wp-json\/wp\/v2\/media?parent=55009"}],"wp:term":[{"taxonomy":"product_brand","embeddable":true,"href":"https:\/\/cannahouse.be\/nl\/wp-json\/wp\/v2\/product_brand?post=55009"},{"taxonomy":"product_cat","embeddable":true,"href":"https:\/\/cannahouse.be\/nl\/wp-json\/wp\/v2\/product_cat?post=55009"},{"taxonomy":"product_tag","embeddable":true,"href":"https:\/\/cannahouse.be\/nl\/wp-json\/wp\/v2\/product_tag?post=55009"}],"curies":[{"name":"wp","href":"https:\/\/api.w.org\/{rel}","templated":true}]}}