{"id":44294,"date":"2024-01-04T14:50:46","date_gmt":"2024-01-04T13:50:46","guid":{"rendered":"https:\/\/cannahouse.be\/produit\/dr-kent-cbd-vermoeide-benen-100ml\/"},"modified":"2025-08-11T23:35:00","modified_gmt":"2025-08-11T21:35:00","slug":"dr-kent-cbd-vermoeide-benen-100ml","status":"publish","type":"product","link":"https:\/\/cannahouse.be\/nl\/product\/dr-kent-cbd-vermoeide-benen-100ml\/","title":{"rendered":"Dr.Kent CBD Vermoeide Benen 100ml"},"content":{"rendered":"<h3>Dr.Kent Cr\u00e8me voor vermoeide benen :<\/h3>\n<p>Is een multifunctionele CBD cr\u00e8me die bijzonder geschikt is voor het behandelen en masseren van vermoeide, zware benen.<\/p>\n<p>De actieve ingredi\u00ebnten in deze 100% natuurlijke CBD-cr\u00e8me zijn full-spectrum hennep-extract (Cannabis sativa L.), paardenkastanje-extract, ijzerarm mirte-extract en MSM (organische zwavel). Het bevat in totaal 1100 mg CBD.<\/p>\n<p>De natuurlijke ingredi\u00ebnten in CBD voetcr\u00e8me ontspannen en kalmeren gezwollen voeten, waardoor zware, vermoeide voeten fris en licht aanvoelen.<\/p>\n<p>Bevat alleen 100% natuurlijke ingredi\u00ebnten. Parabeenvrij. Geen kunstmatige kleurstoffen, smaakstoffen of conserveringsmiddelen. Veganistisch. Het product is intern en extern getest op cannabino\u00efden, maar ook op zware metalen, pesticiden en microbiologische verontreiniging.<\/p>\n<p><strong>Actieve ingredi\u00ebnten :<\/strong><br \/>\nVan hennep extract is aangetoond dat het een effectief hulpmiddel is bij de behandeling van een breed scala aan huid- en voetkwalen. Hennepcr\u00e8me, die CBD en andere cannabino\u00efden bevat, werkt ontstekingsremmend, antiseptisch, verzacht de huid en ontspant de voeten.<\/p>\n<p>MSM, of methylsulfonylmethaan, is een zwavelverbinding die van nature aanwezig is in het lichaam en die talloze &#8216;bouwstenen&#8217; bevat voor gezonde botten, gewrichten en huid.<br \/>\nHet verbetert de soepelheid van gewrichten en huid. MSM wordt vooral aanbevolen voor sporters, omdat het spierpijn vermindert en de genezing van spierblessures versnelt. MSM speelt een belangrijke rol bij de vorming van collageen, dat de ondersteunende weefsels vormt.<\/p>\n<p>MSM kan ook nuttig zijn bij artritis, artritisgerelateerde spierpijn, spierstijfheid en ontstekingsziekten.<br \/>\nRuscus aculeatus is een overblijvende Euraziatische struik waarvan het wortelextract zwellingen en zwartheid van de voeten vermindert.<br \/>\nHet bevat veel flavono\u00efden, antioxidanten die de bloedvaten versterken en de kwetsbaarheid van kleine haarvaten verminderen.<br \/>\nPaardenkastanje-extract verlicht de symptomen van een slechte bloedcirculatie, zoals gezwollen benen, pijn in de benen, jeuk, spataderen en ongemak, evenals een zwaar gevoel in de benen.<\/p>\n<p>Het bevordert ook gezonde bloedvaten en aderen en bevat een grote verscheidenheid aan actieve ingredi\u00ebnten zoals flavono\u00efden, sterolen en eschin, dat deel uitmaakt van de sapo\u00efdenfamilie.<\/p>\n<p><strong>Hoe te gebruiken :<\/strong><br \/>\nBreng een dun laagje aan op de huid van je voeten en wrijf zachtjes tot het volledig is opgenomen. Matig wrijven versnelt de absorptie en voorkomt dat de cr\u00e8me de zones verstopt tijdens het gebruik. Herhaal de handeling een of twee keer per dag. Alleen voor uitwendig gebruik.<\/p>\n","protected":false},"excerpt":{"rendered":"<p>Dr. Kent\u2122 vermoeide benen cr\u00e8me <strong>op basis van CBD <\/strong>wordt gebruikt voor de verzorging en massage van zware, vermoeide benen.<\/p>\n","protected":false},"featured_media":42178,"template":"","meta":[],"product_brand":[],"product_cat":[524,885,539],"product_tag":[],"class_list":{"0":"post-44294","1":"product","2":"type-product","3":"status-publish","4":"has-post-thumbnail","6":"product_cat-cosmetica","7":"product_cat-cbd-gel","8":"product_cat-massage-en-ontspanning","10":"first","11":"instock","12":"taxable","13":"shipping-taxable","14":"purchasable","15":"product-type-simple"},"_links":{"self":[{"href":"https:\/\/cannahouse.be\/nl\/wp-json\/wp\/v2\/product\/44294","targetHints":{"allow":["GET"]}}],"collection":[{"href":"https:\/\/cannahouse.be\/nl\/wp-json\/wp\/v2\/product"}],"about":[{"href":"https:\/\/cannahouse.be\/nl\/wp-json\/wp\/v2\/types\/product"}],"version-history":[{"count":0,"href":"https:\/\/cannahouse.be\/nl\/wp-json\/wp\/v2\/product\/44294\/revisions"}],"wp:featuredmedia":[{"embeddable":true,"href":"https:\/\/cannahouse.be\/nl\/wp-json\/wp\/v2\/media\/42178"}],"wp:attachment":[{"href":"https:\/\/cannahouse.be\/nl\/wp-json\/wp\/v2\/media?parent=44294"}],"wp:term":[{"taxonomy":"product_brand","embeddable":true,"href":"https:\/\/cannahouse.be\/nl\/wp-json\/wp\/v2\/product_brand?post=44294"},{"taxonomy":"product_cat","embeddable":true,"href":"https:\/\/cannahouse.be\/nl\/wp-json\/wp\/v2\/product_cat?post=44294"},{"taxonomy":"product_tag","embeddable":true,"href":"https:\/\/cannahouse.be\/nl\/wp-json\/wp\/v2\/product_tag?post=44294"}],"curies":[{"name":"wp","href":"https:\/\/api.w.org\/{rel}","templated":true}]}}