{"id":38294,"date":"2023-10-26T13:13:44","date_gmt":"2023-10-26T11:13:44","guid":{"rendered":"https:\/\/cannahouse.be\/produit\/set-pakkingen-voor-mighty-storz-bickel\/"},"modified":"2025-12-03T12:01:37","modified_gmt":"2025-12-03T11:01:37","slug":"set-gewrichten-voor-mighty-storz-bickel","status":"publish","type":"product","link":"https:\/\/cannahouse.be\/nl\/product\/set-gewrichten-voor-mighty-storz-bickel\/","title":{"rendered":"Set pakkingen voor mighty &#8211; Storz &amp; Bickel"},"content":{"rendered":"<p>&#8211; 3 joints de rechange pour la base de la pi\u00e8ce buccale.<br \/>\n&#8211; 3 joints pour la chambre de remplissage.<br \/>\n&#8211; 2 O-rings de remplacement se trouvant dans l&#8217;\u00e9l\u00e9ment de refroidissement (plus petits)<br \/>\n&#8211; 3 grands anneaux install\u00e9s \u00e9galement dans l&#8217;\u00e9l\u00e9ment de refroidissement<\/p>\n","protected":false},"excerpt":{"rendered":"<p class=\"text-muted my-2\">Set pakkingen voor sproeiers in de serie Mighty &amp; Mighty + van Storz Bickel.<\/p>\n<div class=\"js_product js_main_product mb-3\">\n<div>\n<div class=\"product_price d-inline-block mt-2 mb-3\"><\/div>\n<\/div>\n<\/div>\n<p>&nbsp;<\/p>\n","protected":false},"featured_media":38195,"template":"","meta":[],"product_brand":[],"product_cat":[533,523],"product_tag":[],"class_list":{"0":"post-38294","1":"product","2":"type-product","3":"status-publish","4":"has-post-thumbnail","6":"product_cat-accessoire","7":"product_cat-vaporizer","9":"first","10":"instock","11":"taxable","12":"shipping-taxable","13":"purchasable","14":"product-type-simple"},"_links":{"self":[{"href":"https:\/\/cannahouse.be\/nl\/wp-json\/wp\/v2\/product\/38294","targetHints":{"allow":["GET"]}}],"collection":[{"href":"https:\/\/cannahouse.be\/nl\/wp-json\/wp\/v2\/product"}],"about":[{"href":"https:\/\/cannahouse.be\/nl\/wp-json\/wp\/v2\/types\/product"}],"version-history":[{"count":0,"href":"https:\/\/cannahouse.be\/nl\/wp-json\/wp\/v2\/product\/38294\/revisions"}],"wp:featuredmedia":[{"embeddable":true,"href":"https:\/\/cannahouse.be\/nl\/wp-json\/wp\/v2\/media\/38195"}],"wp:attachment":[{"href":"https:\/\/cannahouse.be\/nl\/wp-json\/wp\/v2\/media?parent=38294"}],"wp:term":[{"taxonomy":"product_brand","embeddable":true,"href":"https:\/\/cannahouse.be\/nl\/wp-json\/wp\/v2\/product_brand?post=38294"},{"taxonomy":"product_cat","embeddable":true,"href":"https:\/\/cannahouse.be\/nl\/wp-json\/wp\/v2\/product_cat?post=38294"},{"taxonomy":"product_tag","embeddable":true,"href":"https:\/\/cannahouse.be\/nl\/wp-json\/wp\/v2\/product_tag?post=38294"}],"curies":[{"name":"wp","href":"https:\/\/api.w.org\/{rel}","templated":true}]}}