{"id":36829,"date":"2023-08-23T23:49:21","date_gmt":"2023-08-23T21:49:21","guid":{"rendered":"https:\/\/cannahouse.be\/produit\/slaap-herstel-olie-cbd-cbn-melatonine-puur-blad\/"},"modified":"2026-04-17T12:46:58","modified_gmt":"2026-04-17T10:46:58","slug":"cbd-olie-cbn-slaap-pure-leaf","status":"publish","type":"product","link":"https:\/\/cannahouse.be\/nl\/product\/cbd-olie-cbn-slaap-pure-leaf\/","title":{"rendered":"CBD+CBN Slaap Herstel Olie &#8211; Pure leaf"},"content":{"rendered":"<p><span style=\"font-weight: 400;\">Onze CBD, CBN en melatonine olie is ontworpen om je te helpen weer een goede nachtrust te krijgen en elke dag gerevitaliseerd wakker te worden. Probeer het vandaag nog en ontdek de voordelen van deze unieke combinatie van natuurlijke ingredi\u00ebnten. Aarzel niet om contact met ons op te nemen of een van onze boetieks te bezoeken voor meer informatie. Bij CannaHouse zijn we toegewijd aan het leveren van producten van hoge kwaliteit. Elke batch wordt streng getest in het laboratorium om zuiverheid en veiligheid te garanderen.<\/span><\/p>\n<p>&nbsp;<\/p>\n<p><strong>Ingredi\u00ebnten:<\/strong><\/p>\n<p><span style=\"font-weight: 400;\">CBD (Cannabidiol): 500mg<\/span><\/p>\n<p><span style=\"font-weight: 400;\">CBN (Cannabinol): 500mg<\/span><\/p>\n<p><span style=\"font-weight: 400;\">Melatonine: Optimale hoeveelheid voor effectieve slaapondersteuning<\/span><\/p>\n<p><span style=\"font-weight: 400;\">Basis: organische hennepolie, hennep extract.<\/span><\/p>\n<p><span style=\"font-weight: 400;\">Inhoud : 10 ml druppelflacon<\/span><\/p>\n<p>&nbsp;<\/p>\n<p><strong>Kenmerken :<\/strong><\/p>\n<p><span style=\"font-weight: 400;\">100% natuurlijke ingredi\u00ebnten<\/span><\/p>\n<p><span style=\"font-weight: 400;\">Hennep-extract van hoge kwaliteit<\/span><\/p>\n<p><span style=\"font-weight: 400;\">Europese productie<\/span><\/p>\n<p><span style=\"font-weight: 400;\">Streng getest in het laboratorium voor maximale zuiverheid en veiligheid<\/span><\/p>\n<p><span style=\"font-weight: 400;\">Laag THC-gehalte (minder dan 0,2%), in overeenstemming met de huidige Belgische wetgeving<\/span><\/p>\n<p>&nbsp;<\/p>\n<p><b>Voorzorgsmaatregelen:<\/b><\/p>\n<p><span style=\"font-weight: 400;\">Dit product is geen medicijn en kan geen medische behandeling vervangen. Raadpleeg een gezondheidsdeskundige als je aanhoudende slaapproblemen ervaart. <\/span><\/p>\n<p><span style=\"font-weight: 400;\">Niet aanbevolen voor zwangere vrouwen of vrouwen die borstvoeding geven. Alleen volwassenen. <\/span><\/p>\n<p><span style=\"font-weight: 400;\">Bewaren op een koele, droge plaats uit de buurt van direct licht.<\/span><\/p>\n<p>&nbsp;<\/p>\n","protected":false},"excerpt":{"rendered":"<p><span style=\"font-weight: 400;\">CannaHouse CBD, CBN en melatonine olie is een innovatieve oplossing om de kwaliteit van je slaap te verbeteren. Deze unieke formule combineert de voordelen van CBD, CBN en melatonine om je rustige, verjongende nachten te geven. Ontwikkeld volgens dezelfde processen als alle Pure Leaf oli\u00ebn, zijn de productieprocessen streng en is de effectiviteit optimaal! Deze laatste is verkrijgbaar in \u00e9\u00e9n enkele concentratie, ontworpen om de meest overtuigende resultaten te leveren op het gebied van verbeterde slaapaanvang en -diepte.<\/span><\/p>\n","protected":false},"featured_media":68709,"template":"","meta":[],"product_brand":[],"product_cat":[531],"product_tag":[],"class_list":{"0":"post-36829","1":"product","2":"type-product","3":"status-publish","4":"has-post-thumbnail","6":"product_cat-cbd-olie","8":"first","9":"instock","10":"taxable","11":"shipping-taxable","12":"purchasable","13":"product-type-simple"},"_links":{"self":[{"href":"https:\/\/cannahouse.be\/nl\/wp-json\/wp\/v2\/product\/36829","targetHints":{"allow":["GET"]}}],"collection":[{"href":"https:\/\/cannahouse.be\/nl\/wp-json\/wp\/v2\/product"}],"about":[{"href":"https:\/\/cannahouse.be\/nl\/wp-json\/wp\/v2\/types\/product"}],"version-history":[{"count":0,"href":"https:\/\/cannahouse.be\/nl\/wp-json\/wp\/v2\/product\/36829\/revisions"}],"wp:featuredmedia":[{"embeddable":true,"href":"https:\/\/cannahouse.be\/nl\/wp-json\/wp\/v2\/media\/68709"}],"wp:attachment":[{"href":"https:\/\/cannahouse.be\/nl\/wp-json\/wp\/v2\/media?parent=36829"}],"wp:term":[{"taxonomy":"product_brand","embeddable":true,"href":"https:\/\/cannahouse.be\/nl\/wp-json\/wp\/v2\/product_brand?post=36829"},{"taxonomy":"product_cat","embeddable":true,"href":"https:\/\/cannahouse.be\/nl\/wp-json\/wp\/v2\/product_cat?post=36829"},{"taxonomy":"product_tag","embeddable":true,"href":"https:\/\/cannahouse.be\/nl\/wp-json\/wp\/v2\/product_tag?post=36829"}],"curies":[{"name":"wp","href":"https:\/\/api.w.org\/{rel}","templated":true}]}}