{"id":32368,"date":"2023-06-08T09:29:25","date_gmt":"2023-06-08T07:29:25","guid":{"rendered":"https:\/\/cannahouse.be\/produit\/q10-verfrissende-en-verzachtende-gel-venecann-75ml-annabis\/"},"modified":"2025-10-07T14:27:06","modified_gmt":"2025-10-07T12:27:06","slug":"gel-q10-verfrissend-en-kalmerende-venecann-75ml-annabis","status":"publish","type":"product","link":"https:\/\/cannahouse.be\/nl\/product\/gel-q10-verfrissend-en-kalmerende-venecann-75ml-annabis\/","title":{"rendered":"Verfrissende en verzachtende Q10 gel &#8211; Venecann 75ml &#8211; Annabis"},"content":{"rendered":"<p><b>Verfrissende en verzachtende Q10 gel &#8211; Venecann 75ml &#8211; Annabis<\/b><\/p>\n<p><span style=\"font-weight: 400\">Kalmerende gel met hennep en co-enzym Q10 verfrist de huid snel en geeft een gekalmeerd gevoel. Venecann Q10 gel is geschikt voor het hele lichaam en meer specifiek voor de benen. Het is perfect voor oudere mensen die last hebben van zware benen. Deze gel vermindert ook striae.<\/span><\/p>\n<p><span style=\"font-weight: 400\">Venecann Q10 gel bevat een unieke combinatie van actieve ingredi\u00ebnten die zorgen voor een snelle hydratatie en ontspanning van de benen. Dankzij de gelconsistentie smeert het product gemakkelijk uit, wordt het snel opgenomen en laat het de huid niet plakkerig aanvoelen.  <\/span><\/p>\n<p>&nbsp;<\/p>\n<p><span style=\"font-weight: 400\">Venecann Q10 Gel met een unieke combinatie van meer dan 15 actieve ingredi\u00ebnten, waaronder:<\/span><\/p>\n<ul>\n<li style=\"font-weight: 400\"><span style=\"font-weight: 400\">Hennepzaadextract en hennepzaadolie<\/span><\/li>\n<li style=\"font-weight: 400\"><span style=\"font-weight: 400\">Extract van paardekastanje<\/span><\/li>\n<li style=\"font-weight: 400\"><span style=\"font-weight: 400\">Toverhazelaar-extract<\/span><\/li>\n<li style=\"font-weight: 400\"><span style=\"font-weight: 400\">Extract van doornige dragonwortel<\/span><\/li>\n<li style=\"font-weight: 400\"><span style=\"font-weight: 400\">Gewone wingerd<\/span><\/li>\n<li style=\"font-weight: 400\"><span style=\"font-weight: 400\">Co-enzym Q10<\/span><\/li>\n<li style=\"font-weight: 400\"><span style=\"font-weight: 400\">Ginkgobladextract<\/span><\/li>\n<li style=\"font-weight: 400\"><span style=\"font-weight: 400\">Allanto\u00efne<\/span><\/li>\n<li style=\"font-weight: 400\"><span style=\"font-weight: 400\">Collo\u00efdaal zilver<\/span><\/li>\n<\/ul>\n<p>&nbsp;<\/p>\n<p><span style=\"font-weight: 400\">Geschikt voor veelvuldig gebruik. Veganvriendelijk.<\/span><\/p>\n<p><span style=\"font-weight: 400\">Aanbevolen gebruik: kan naar behoefte meerdere keren per dag worden aangebracht, vooral op de benen. Buiten bereik van kinderen bewaren.<\/span><\/p>\n<p>&nbsp;<\/p>\n<p><span style=\"font-weight: 400\">Ingredi\u00ebnten: Water, Glycerine, Propyleenglycol, Hennepzaadextract, Paardenkastanjezaadextract, Gedenatureerde alcohol, Toverhazelaarbladextract, Hulstwortelextract, Hennepzaadolie, Europese olijfolie, Extract van wijnbladeren, Extract van tijgergrasbladeren, Ginkgo biloba bladextract, Zoete klaver extract, Dimethicone, Troxerutin, Carbomer, Triethanolamine, Tocoferylacetaat (ester van tocoferol en azijnzuur), Allanto\u00efne, Diosmine, Ubiquinon (co-enzym Q10), Hesperidin, Citroengras blad essenti\u00eble olie, Collo\u00efdaal zilver.<\/span><\/p>\n","protected":false},"excerpt":{"rendered":"<div class=\"highlighted-green\">\n<p><span style=\"font-weight: 400\">Kalmerende gel met hennep en co-enzym Q10 verfrist de huid snel en geeft een gekalmeerd gevoel. Venecann Q10 gel is geschikt voor het hele lichaam en meer specifiek voor de benen. Het is perfect voor oudere mensen die last hebben van zware benen. Deze gel vermindert ook striae.<\/span><\/p>\n<p>&nbsp;<\/p>\n<\/div>\n","protected":false},"featured_media":29426,"template":"","meta":[],"product_brand":[],"product_cat":[524,539,538],"product_tag":[],"class_list":{"0":"post-32368","1":"product","2":"type-product","3":"status-publish","4":"has-post-thumbnail","6":"product_cat-cosmetica","7":"product_cat-massage-en-ontspanning","8":"product_cat-body-care","10":"first","11":"instock","12":"taxable","13":"shipping-taxable","14":"purchasable","15":"product-type-simple"},"_links":{"self":[{"href":"https:\/\/cannahouse.be\/nl\/wp-json\/wp\/v2\/product\/32368","targetHints":{"allow":["GET"]}}],"collection":[{"href":"https:\/\/cannahouse.be\/nl\/wp-json\/wp\/v2\/product"}],"about":[{"href":"https:\/\/cannahouse.be\/nl\/wp-json\/wp\/v2\/types\/product"}],"version-history":[{"count":0,"href":"https:\/\/cannahouse.be\/nl\/wp-json\/wp\/v2\/product\/32368\/revisions"}],"wp:featuredmedia":[{"embeddable":true,"href":"https:\/\/cannahouse.be\/nl\/wp-json\/wp\/v2\/media\/29426"}],"wp:attachment":[{"href":"https:\/\/cannahouse.be\/nl\/wp-json\/wp\/v2\/media?parent=32368"}],"wp:term":[{"taxonomy":"product_brand","embeddable":true,"href":"https:\/\/cannahouse.be\/nl\/wp-json\/wp\/v2\/product_brand?post=32368"},{"taxonomy":"product_cat","embeddable":true,"href":"https:\/\/cannahouse.be\/nl\/wp-json\/wp\/v2\/product_cat?post=32368"},{"taxonomy":"product_tag","embeddable":true,"href":"https:\/\/cannahouse.be\/nl\/wp-json\/wp\/v2\/product_tag?post=32368"}],"curies":[{"name":"wp","href":"https:\/\/api.w.org\/{rel}","templated":true}]}}