{"id":32352,"date":"2023-06-08T09:29:25","date_gmt":"2023-06-08T07:29:25","guid":{"rendered":"https:\/\/cannahouse.be\/produit\/dentacann-natuurlijke-tandpasta-hennep-geactiveerde-houtskool-100g-annabis\/"},"modified":"2025-10-07T14:27:06","modified_gmt":"2025-10-07T12:27:06","slug":"dentifrice-naturel-dentacann-chanvre-et-charbon-actif-100g-annabis","status":"publish","type":"product","link":"https:\/\/cannahouse.be\/nl\/product\/dentifrice-naturel-dentacann-chanvre-et-charbon-actif-100g-annabis\/","title":{"rendered":"Natuurlijke tandpasta DENTACANN- Hennep en actieve kool &#8211; 100g &#8211; Annabis"},"content":{"rendered":"<p><b>Natuurlijke tandpasta DENTACANN- Hennep en actieve kool &#8211; 100g &#8211; Annabis<\/b><\/p>\n<p><span style=\"font-weight: 400\">Dentacann natuurlijke tandpasta maakt de tanden zacht wit en biedt volledige verzorging zonder schuimen. Deze tandpasta kan vuil en pigmentatie verwijderen, veroorzaakt door bijvoorbeeld het drinken van koffie, thee of rode wijn, waardoor de tanden geleidelijk hun natuurlijke witte kleur terugkrijgen. Dentacann bevat geen fluoride, maar wel het natuurlijke mineraal Kalident, dat het tandglazuur versterkt. Dankzij de verschillende natuurlijke actieve ingredi\u00ebnten, waaronder houtskool, hennep-extract, kokosolie, kruidnagel en muntolie, maakt het de tanden perfect glad en schoon. Tegelijkertijd bestrijdt het gaatjes en verwijdert het tandplak. Deze tandpasta is gemaakt van natuurlijke, zachte schuurmiddelen voor de beste verzorging van je tanden.<\/span><\/p>\n<p><span style=\"font-weight: 400\">Dentacann tandpasta wordt geleverd zonder buitenverpakking om ecologische redenen. De tube weegt 100 gram. De grijze kleur van de tandpasta wordt getemperd door de aanwezigheid van bamboehoutskool.<\/span><\/p>\n<p><span style=\"font-weight: 400\">Het is aangenaam geparfumeerd dankzij de aanwezigheid van essenti\u00eble pepermuntolie en de vele andere natuurlijke producten die het bevat.<\/span><\/p>\n<p>&nbsp;<\/p>\n<p><span style=\"font-weight: 400\">Wat is het Kalident-mineraal?<\/span><\/p>\n<p>&nbsp;<\/p>\n<p><span style=\"font-weight: 400\">Kalident is de handelsnaam voor een mineraal extract van hydroxyapatiet waarvan de kleine celgrootte de natuurlijke remineralisatie en witmaking van het glazuur bevordert, microbeschadigingen aan het gebit herstelt, overgevoeligheid van de tanden vermindert en tandplak verwijdert. Al deze voordelen zijn klinisch bewezen:  <\/span><\/p>\n<p>&nbsp;<\/p>\n<ul>\n<li style=\"font-weight: 400\"><span style=\"font-weight: 400\">Verlichting van gevoelige tanden<\/span><\/li>\n<li style=\"font-weight: 400\"><span style=\"font-weight: 400\">Remineralisatie en opvullen van oppervlakteletsels<\/span><\/li>\n<li style=\"font-weight: 400\"><span style=\"font-weight: 400\">Klinisch-fysische plakverwijdering<\/span><\/li>\n<li style=\"font-weight: 400\"><span style=\"font-weight: 400\">Bestrijdt zuurgraad<\/span><\/li>\n<li style=\"font-weight: 400\"><span style=\"font-weight: 400\">Biologische beschikbaarheid van calcium- en fosfaationen<\/span><\/li>\n<li style=\"font-weight: 400\"><span style=\"font-weight: 400\">Verhoogt het natuurlijke vermogen van speeksel om de tandstructuur te remineraliseren<\/span><\/li>\n<\/ul>\n<p>&nbsp;<\/p>\n<p><span style=\"font-weight: 400\">Welke rol speelt bamboe houtskoolpoeder bij tandverzorging?<\/span><\/p>\n<p>&nbsp;<\/p>\n<p><span style=\"font-weight: 400\">Bamboe is een zeer duurzame en milieuvriendelijke grondstof. Mosobamboe wordt op verantwoorde wijze geoogst als het 5 jaar oud is. Daarna wordt het verbrand in een oven op temperaturen van meer dan 1000\u00b0C en geplet om bamboehoutskoolpoeder te verkrijgen. Bamboehoutskool absorbeert mineralen, gifstoffen, onzuiverheden en andere schadelijke stoffen.<\/span><\/p>\n<p>&nbsp;<\/p>\n<p><span style=\"font-weight: 400\">Waarom fluoridevrij?<\/span><\/p>\n<p>&nbsp;<\/p>\n<p><span style=\"font-weight: 400\">Het gebruik van fluoride is controversieel, omdat het een bekend gif is, maar er wordt ons ook verteld dat het essentieel is voor het behoud van gezonde tanden. Fluoride kan inderdaad heilzaam zijn, maar gezien de beschikbaarheid van veiligere alternatieven (zoals Kalident) is het simpelweg niet langer het risico van mogelijke inname waard.<\/span><\/p>\n<p>&nbsp;<\/p>\n<p><span style=\"font-weight: 400\">Ingredi\u00ebnten (INCI): Calciumcarbonaat, Water, Glycerine, Ma\u00efszetmeel, Xylitol (ge\u00ebxtraheerd uit berkenschors), Hydroxyapatiet, Alcohol, Pentylene glycol, Kokosglucoside, Natriumsarcosinaat, Havermout extract, Cocos nucifera olie, Natriumchloride, Bamboe houtskool poeder, Hennepzaadextract, natriumbenzoaat, kaliumsorbaat, wanthaan gom, kruidnagelolie (Eugenia Caroyphyllus), zoete sinaasappelschilolie, essenti\u00eble pepermuntolie, limoneen, eugenol, Stevia Rebaudiana bladextract, citroenzuur.<\/span><\/p>\n<p>&nbsp;<\/p>\n","protected":false},"excerpt":{"rendered":"<div class=\"highlighted-green\">\n<p><span style=\"font-weight: 400\">Dentacann natuurlijke tandpasta maakt de tanden zacht wit en biedt volledige verzorging zonder schuimen. Deze tandpasta kan vuil en pigmentatie verwijderen, veroorzaakt door bijvoorbeeld het drinken van koffie, thee of rode wijn, waardoor de tanden geleidelijk hun natuurlijke witte kleur terugkrijgen. Dentacann bevat geen fluoride, maar wel het natuurlijke mineraal Kalident, dat het tandglazuur versterkt. Dankzij de verschillende natuurlijke actieve ingredi\u00ebnten, waaronder houtskool, hennep-extract, kokosolie, kruidnagel en muntolie, maakt het de tanden perfect glad en schoon. Tegelijkertijd bestrijdt het gaatjes en verwijdert het tandplak. Deze tandpasta is gemaakt van natuurlijke, zachte schuurmiddelen voor de beste verzorging van je tanden.<\/span><\/p>\n<p>&nbsp;<\/p>\n<\/div>\n","protected":false},"featured_media":29450,"template":"","meta":[],"product_brand":[],"product_cat":[524,542],"product_tag":[],"class_list":{"0":"post-32352","1":"product","2":"type-product","3":"status-publish","4":"has-post-thumbnail","6":"product_cat-cosmetica","7":"product_cat-facial-care","9":"first","10":"instock","11":"sale","12":"taxable","13":"shipping-taxable","14":"purchasable","15":"product-type-simple"},"_links":{"self":[{"href":"https:\/\/cannahouse.be\/nl\/wp-json\/wp\/v2\/product\/32352","targetHints":{"allow":["GET"]}}],"collection":[{"href":"https:\/\/cannahouse.be\/nl\/wp-json\/wp\/v2\/product"}],"about":[{"href":"https:\/\/cannahouse.be\/nl\/wp-json\/wp\/v2\/types\/product"}],"version-history":[{"count":0,"href":"https:\/\/cannahouse.be\/nl\/wp-json\/wp\/v2\/product\/32352\/revisions"}],"wp:featuredmedia":[{"embeddable":true,"href":"https:\/\/cannahouse.be\/nl\/wp-json\/wp\/v2\/media\/29450"}],"wp:attachment":[{"href":"https:\/\/cannahouse.be\/nl\/wp-json\/wp\/v2\/media?parent=32352"}],"wp:term":[{"taxonomy":"product_brand","embeddable":true,"href":"https:\/\/cannahouse.be\/nl\/wp-json\/wp\/v2\/product_brand?post=32352"},{"taxonomy":"product_cat","embeddable":true,"href":"https:\/\/cannahouse.be\/nl\/wp-json\/wp\/v2\/product_cat?post=32352"},{"taxonomy":"product_tag","embeddable":true,"href":"https:\/\/cannahouse.be\/nl\/wp-json\/wp\/v2\/product_tag?post=32352"}],"curies":[{"name":"wp","href":"https:\/\/api.w.org\/{rel}","templated":true}]}}