{"id":32270,"date":"2023-06-08T09:29:25","date_gmt":"2023-06-08T07:29:25","guid":{"rendered":"https:\/\/cannahouse.be\/produit\/lippenbalsem-lipsticann-15ml-annabis\/"},"modified":"2025-10-17T14:29:00","modified_gmt":"2025-10-17T12:29:00","slug":"lippenbalsem-lipsticann-15ml-annabis","status":"publish","type":"product","link":"https:\/\/cannahouse.be\/nl\/product\/lippenbalsem-lipsticann-15ml-annabis\/","title":{"rendered":"Lippenbalsem &#8211; LIPSTICANN 15ml &#8211; Annabis"},"content":{"rendered":"<p><b>Lippenbalsem &#8211; LIPSTICANN 15ml &#8211; Annabis<\/b><\/p>\n<p><span style=\"font-weight: 400\">Superhydraterende lippenbalsem voor soepelere, vollere lippen. Rijk aan plantaardige oli\u00ebn en bijenwas.<\/span><\/p>\n<p><span style=\"font-weight: 400\">Deze lippenbalsem is geschikt voor kinderen (0-3 jaar) en volwassenen. De formule, verrijkt met bijenwas en plantaardige oli\u00ebn, maakt je lippen zacht en gehydrateerd.<\/span><\/p>\n<p><span style=\"font-weight: 400\">Perfect voor regelmatig gebruik.<\/span><\/p>\n<p>&nbsp;<\/p>\n<p><span style=\"font-weight: 400\">Ingredi\u00ebnten: Bijenwas, Sheaboter, Hennepzaadextract, Hennepzaadolie, Europese olijfolie, Essenti\u00eble olie van zoete sinaasappelschil, Essenti\u00eble olie van Geraniumbloem, Stevia-extract, Paraffine, Vaseline.<\/span><\/p>\n","protected":false},"excerpt":{"rendered":"<p>Superhydraterende lippenbalsem voor soepelere, vollere lippen. Rijk aan plantaardige oli\u00ebn en bijenwas.<\/p>\n<p>Deze lippenbalsem is geschikt voor kinderen (0-3 jaar) en volwassenen. De formule, verrijkt met bijenwas en plantaardige oli\u00ebn, maakt je lippen zacht en gehydrateerd.<\/p>\n<p>Perfect voor regelmatig gebruik.<\/p>\n","protected":false},"featured_media":29452,"template":"","meta":[],"product_brand":[],"product_cat":[524,542],"product_tag":[],"class_list":{"0":"post-32270","1":"product","2":"type-product","3":"status-publish","4":"has-post-thumbnail","6":"product_cat-cosmetica","7":"product_cat-facial-care","9":"first","10":"instock","11":"taxable","12":"shipping-taxable","13":"purchasable","14":"product-type-simple"},"_links":{"self":[{"href":"https:\/\/cannahouse.be\/nl\/wp-json\/wp\/v2\/product\/32270","targetHints":{"allow":["GET"]}}],"collection":[{"href":"https:\/\/cannahouse.be\/nl\/wp-json\/wp\/v2\/product"}],"about":[{"href":"https:\/\/cannahouse.be\/nl\/wp-json\/wp\/v2\/types\/product"}],"version-history":[{"count":0,"href":"https:\/\/cannahouse.be\/nl\/wp-json\/wp\/v2\/product\/32270\/revisions"}],"wp:featuredmedia":[{"embeddable":true,"href":"https:\/\/cannahouse.be\/nl\/wp-json\/wp\/v2\/media\/29452"}],"wp:attachment":[{"href":"https:\/\/cannahouse.be\/nl\/wp-json\/wp\/v2\/media?parent=32270"}],"wp:term":[{"taxonomy":"product_brand","embeddable":true,"href":"https:\/\/cannahouse.be\/nl\/wp-json\/wp\/v2\/product_brand?post=32270"},{"taxonomy":"product_cat","embeddable":true,"href":"https:\/\/cannahouse.be\/nl\/wp-json\/wp\/v2\/product_cat?post=32270"},{"taxonomy":"product_tag","embeddable":true,"href":"https:\/\/cannahouse.be\/nl\/wp-json\/wp\/v2\/product_tag?post=32270"}],"curies":[{"name":"wp","href":"https:\/\/api.w.org\/{rel}","templated":true}]}}