{"id":32156,"date":"2023-06-08T09:29:46","date_gmt":"2023-06-08T07:29:46","guid":{"rendered":"https:\/\/cannahouse.be\/produit\/activecann-biologische-balsem-50ml-annabis\/"},"modified":"2025-10-07T14:27:05","modified_gmt":"2025-10-07T12:27:05","slug":"activecann-balsem-50ml-annabis","status":"publish","type":"product","link":"https:\/\/cannahouse.be\/nl\/product\/activecann-balsem-50ml-annabis\/","title":{"rendered":"Activecann Biologische Balsem &#8211; 50ml &#8211; Annabis"},"content":{"rendered":"<p>Activecann Organic Hemp Balm, rijk aan Omega 3-6-9 onverzadigde vetzuren, gecombineerd met een originele combinatie van plantenextracten, geeft een kalmerend, ontspannend gevoel wanneer het in de huid wordt gemasseerd.<\/p>\n<p>De zalf houdt de huid ook soepel en gevoed.<\/p>\n<p>Het smeert goed uit; zelfs een kleine hoeveelheid zalf bedekt een groot deel van de huid en zorgt dankzij de consistentie voor een ontspannende massage van de huid.<\/p>\n<p><strong>Activecann Hennep Cr\u00e8me met een originele combinatie van planten, waaronder :<\/strong><\/p>\n<p>-Hempzaadextract en hennepzaadolie<br \/>\n-Kruidnagelolie<br \/>\n-Lavendelolie<br \/>\n-Rozemarijnolie<br \/>\n-Menthol<br \/>\n-Eucalyptusolie<br \/>\n-Peper extract<\/p>\n<p>&nbsp;<\/p>\n<p><strong>Aanbevolen gebruik:<\/strong> naar behoefte, maximaal 2 keer per dag. Gebruik binnen 6 maanden na opening.<\/p>\n<p><strong>Waarschuwing:<\/strong> Gebruik dit product niet als je overgevoelig bent voor \u00e9\u00e9n van de actieve ingredi\u00ebnten.<\/p>\n<p><strong>Waarschuwing:<\/strong> Niet geschikt voor kinderen onder de 3 jaar. Buiten bereik van kinderen bewaren. Na gebruik handen grondig wassen met water en zeep. Niet gebruiken op het gezicht of open wonden.<\/p>\n<p><strong>Ingredi\u00ebnten <\/strong>Olijfolie, Glycerylmonostearaat, Cannabis Sativa zaadolie, Menthol, Zonnebloemzaadolie, Rozemarijnbladextract, Rozemarijn essenti\u00eble olie, Hennepzaadextract, Eucalyptus essenti\u00eble olie, Kruidnagelbladolie, Glyceryloleaat, Lavendel essenti\u00eble olie, Cayennepeperhars, Eugenol, Limoneen, Linalool. biologisch<\/p>\n","protected":false},"excerpt":{"rendered":"<p><strong>Biologische hennepzalf voor het masseren van de huid over het hele lichaam, met name de gewrichten, pezen, spieren en rug.<\/strong><\/p>\n<p>Activecann Organic Hemp Balm, rijk aan Omega 3-6-9 onverzadigde vetzuren, gecombineerd met een originele combinatie van plantenextracten, geeft een kalmerend, ontspannend gevoel wanneer het in de huid wordt gemasseerd.<\/p>\n","protected":false},"featured_media":29932,"template":"","meta":[],"product_brand":[],"product_cat":[524,539],"product_tag":[],"class_list":{"0":"post-32156","1":"product","2":"type-product","3":"status-publish","4":"has-post-thumbnail","6":"product_cat-cosmetica","7":"product_cat-massage-en-ontspanning","9":"first","10":"instock","11":"taxable","12":"shipping-taxable","13":"purchasable","14":"product-type-simple"},"_links":{"self":[{"href":"https:\/\/cannahouse.be\/nl\/wp-json\/wp\/v2\/product\/32156","targetHints":{"allow":["GET"]}}],"collection":[{"href":"https:\/\/cannahouse.be\/nl\/wp-json\/wp\/v2\/product"}],"about":[{"href":"https:\/\/cannahouse.be\/nl\/wp-json\/wp\/v2\/types\/product"}],"version-history":[{"count":0,"href":"https:\/\/cannahouse.be\/nl\/wp-json\/wp\/v2\/product\/32156\/revisions"}],"wp:featuredmedia":[{"embeddable":true,"href":"https:\/\/cannahouse.be\/nl\/wp-json\/wp\/v2\/media\/29932"}],"wp:attachment":[{"href":"https:\/\/cannahouse.be\/nl\/wp-json\/wp\/v2\/media?parent=32156"}],"wp:term":[{"taxonomy":"product_brand","embeddable":true,"href":"https:\/\/cannahouse.be\/nl\/wp-json\/wp\/v2\/product_brand?post=32156"},{"taxonomy":"product_cat","embeddable":true,"href":"https:\/\/cannahouse.be\/nl\/wp-json\/wp\/v2\/product_cat?post=32156"},{"taxonomy":"product_tag","embeddable":true,"href":"https:\/\/cannahouse.be\/nl\/wp-json\/wp\/v2\/product_tag?post=32156"}],"curies":[{"name":"wp","href":"https:\/\/api.w.org\/{rel}","templated":true}]}}