{"id":32003,"date":"2023-06-08T09:29:59","date_gmt":"2023-06-08T07:29:59","guid":{"rendered":"https:\/\/cannahouse.be\/produit\/drs-kent-sport-cbd-gel-100ml\/"},"modified":"2025-08-01T01:00:33","modified_gmt":"2025-07-31T23:00:33","slug":"dr-kent-sport-gel-cbd-100ml","status":"publish","type":"product","link":"https:\/\/cannahouse.be\/nl\/product\/dr-kent-sport-gel-cbd-100ml\/","title":{"rendered":"Dr. Kent Sport CBD Gel 100ml"},"content":{"rendered":"<h3>Dr.Kent Sport Gel :<\/h3>\n<p>CBD SPORTS GEL hot\/cold gel wordt gebruikt voor het behandelen en masseren van de armen, benen, nek en rug, met name na intensieve fysieke of sportieve activiteit.<\/p>\n<p>Gemaakt van 100% natuurlijke ingredi\u00ebnten en bevat zorgvuldig geselecteerde actieve ingredi\u00ebnten zoals hennep-extract met een volledig spectrum (Cannabis sativa L.), menthol, chilipeper-extract, essenti\u00eble kruidnagelolie en essenti\u00eble eucalyptusolie. Dankzij de hoogwaardige ingredi\u00ebnten geeft de gel een gevoel van frisheid en vervolgens warmte. Bevat in totaal 1100 mg CBD. Veganistisch.<\/p>\n<p>Spierpijn na inspanning wordt veroorzaakt door kleine spierlaesies die gepaard gaan met ontstekingsprocessen. Dr. Kent\u2122 CBD Sports Gel biedt volledig natuurlijke, gerichte verlichting ter ondersteuning van het herstel na het sporten.<\/p>\n<p>Bevat geen parabenen, kunstmatige smaak- en kleurstoffen of conserveringsmiddelen. Het product is getest en veilig bevonden in laboratoriumonderzoeken door derden op inhoud, zware metalen, cannabino\u00efden, pesticiden en microbiologische eigenschappen.<\/p>\n<p>De CBD sportgel (hot\/cold gel) verwarmt en koelt de te behandelen lichaamsdelen op een comfortabele manier.<\/p>\n<p><strong>Actieve ingredi\u00ebnten :<\/strong><br \/>\nVan hennep-extract is wetenschappelijk bewezen dat het een effectief hulpmiddel is voor het welzijn van huid, gewrichten en spieren. Hennepcr\u00e8me met CBD en andere cannabino\u00efden is antiseptisch, ontstekingsremmend, ontspannend en verzachtend voor de huid.<br \/>\nKruidnagelolie verdooft tijdelijk het huidoppervlak en verlicht pijn en zwelling in overbelaste gewrichten en spieren.<br \/>\nSpaanse peper-extract en de capsa\u00efcine die het bevat is een actief bestanddeel van Spaanse peper dat de microcirculatie stimuleert en een gevoel van warmte geeft wanneer het plaatselijk op de huid wordt gebruikt. Capsa\u00efcine staat ook bekend als een ontstekingsremmend ingredi\u00ebnt.<br \/>\nEucalyptusolie geeft een verkoelende sensatie op de huid en helpt stijve, pijnlijke spieren te ontspannen en ongemak te verlichten.<br \/>\nMenthol helpt de spieren ontspannen.<\/p>\n<p><strong>Hoe te gebruiken :<\/strong><br \/>\nBreng een dun laagje aan op de huid totdat het volledig is opgenomen. Wrijven over de gel bevordert de absorptie. Herhaal de handeling een of twee keer per dag. Alleen voor uitwendig gebruik.<\/p>\n","protected":false},"excerpt":{"rendered":"<p>Dr. Kent sportgel <strong>op basis van CBD<\/strong> wordt gebruikt om de armen, benen, nek en rug te verzorgen en masseren, met name na intensief sporten of fysieke inspanning.<\/p>\n","protected":false},"featured_media":42064,"template":"","meta":[],"product_brand":[],"product_cat":[885,524,539],"product_tag":[],"class_list":{"0":"post-32003","1":"product","2":"type-product","3":"status-publish","4":"has-post-thumbnail","6":"product_cat-cbd-gel","7":"product_cat-cosmetica","8":"product_cat-massage-en-ontspanning","10":"first","11":"instock","12":"taxable","13":"shipping-taxable","14":"purchasable","15":"product-type-simple"},"_links":{"self":[{"href":"https:\/\/cannahouse.be\/nl\/wp-json\/wp\/v2\/product\/32003","targetHints":{"allow":["GET"]}}],"collection":[{"href":"https:\/\/cannahouse.be\/nl\/wp-json\/wp\/v2\/product"}],"about":[{"href":"https:\/\/cannahouse.be\/nl\/wp-json\/wp\/v2\/types\/product"}],"version-history":[{"count":0,"href":"https:\/\/cannahouse.be\/nl\/wp-json\/wp\/v2\/product\/32003\/revisions"}],"wp:featuredmedia":[{"embeddable":true,"href":"https:\/\/cannahouse.be\/nl\/wp-json\/wp\/v2\/media\/42064"}],"wp:attachment":[{"href":"https:\/\/cannahouse.be\/nl\/wp-json\/wp\/v2\/media?parent=32003"}],"wp:term":[{"taxonomy":"product_brand","embeddable":true,"href":"https:\/\/cannahouse.be\/nl\/wp-json\/wp\/v2\/product_brand?post=32003"},{"taxonomy":"product_cat","embeddable":true,"href":"https:\/\/cannahouse.be\/nl\/wp-json\/wp\/v2\/product_cat?post=32003"},{"taxonomy":"product_tag","embeddable":true,"href":"https:\/\/cannahouse.be\/nl\/wp-json\/wp\/v2\/product_tag?post=32003"}],"curies":[{"name":"wp","href":"https:\/\/api.w.org\/{rel}","templated":true}]}}