{"id":71580,"date":"2025-07-14T16:59:30","date_gmt":"2025-07-14T14:59:30","guid":{"rendered":"https:\/\/cannahouse.be\/produit\/beautiful-skin-set\/"},"modified":"2025-10-07T14:26:58","modified_gmt":"2025-10-07T12:26:58","slug":"beautiful-skin-set","status":"publish","type":"product","link":"https:\/\/cannahouse.be\/en\/product\/beautiful-skin-set\/","title":{"rendered":"BEAUTIFUL SKIN SET"},"content":{"rendered":"<p><strong>Coffret Belle Peau &#8211; Holiday Limited Edition<\/strong> Make your skin glow with this natural, high-end beauty ritual, specially designed for celebrations.<\/p>\n<p>This exclusive set combines two must-have skincare products for sublime skin:<\/p>\n<ul>\n<li><strong>N\u00e9ocann HA \u00c9lixir S\u00e9rum (50 ml)<\/strong>: A vegan serum with an advanced anti-aging formula, enriched with hyaluronic acid, LIFTONIN\u00ae-XPERT and DEFENSIL\u00ae-SOFT. It provides intense hydration, smoothes wrinkles and redefines contours for a revitalized, luminous complexion. <\/li>\n<li><strong>Cremcann Hyaluron Cr\u00e8me (50 ml)<\/strong>: A natural cream combining three types of hyaluronic acid and nourishing plant oils. It softens, firms and brightens the skin, while fading the signs of aging. <\/li>\n<\/ul>\n","protected":false},"excerpt":{"rendered":"<p><strong>Coffret Belle Peau Annabis<\/strong> Treat your skin to excellence with this refined duo:<\/p>\n<ul>\n<li><strong>N\u00e9ocann HA Elixir Serum<\/strong>: deep hydration, a visible lifting effect and powerful anti-aging action.<\/li>\n<li><strong>Cremcann Hyaluron cream<\/strong>: for silky, radiant skin, day and night.<\/li>\n<\/ul>\n","protected":false},"featured_media":71546,"template":"","meta":[],"product_brand":[],"product_cat":[890],"product_tag":[],"class_list":{"0":"post-71580","1":"product","2":"type-product","3":"status-publish","4":"has-post-thumbnail","6":"product_cat-cbd-cosmetic-gift-box","8":"first","9":"outofstock","10":"taxable","11":"shipping-taxable","12":"purchasable","13":"product-type-simple"},"_links":{"self":[{"href":"https:\/\/cannahouse.be\/en\/wp-json\/wp\/v2\/product\/71580","targetHints":{"allow":["GET"]}}],"collection":[{"href":"https:\/\/cannahouse.be\/en\/wp-json\/wp\/v2\/product"}],"about":[{"href":"https:\/\/cannahouse.be\/en\/wp-json\/wp\/v2\/types\/product"}],"version-history":[{"count":0,"href":"https:\/\/cannahouse.be\/en\/wp-json\/wp\/v2\/product\/71580\/revisions"}],"wp:featuredmedia":[{"embeddable":true,"href":"https:\/\/cannahouse.be\/en\/wp-json\/wp\/v2\/media\/71546"}],"wp:attachment":[{"href":"https:\/\/cannahouse.be\/en\/wp-json\/wp\/v2\/media?parent=71580"}],"wp:term":[{"taxonomy":"product_brand","embeddable":true,"href":"https:\/\/cannahouse.be\/en\/wp-json\/wp\/v2\/product_brand?post=71580"},{"taxonomy":"product_cat","embeddable":true,"href":"https:\/\/cannahouse.be\/en\/wp-json\/wp\/v2\/product_cat?post=71580"},{"taxonomy":"product_tag","embeddable":true,"href":"https:\/\/cannahouse.be\/en\/wp-json\/wp\/v2\/product_tag?post=71580"}],"curies":[{"name":"wp","href":"https:\/\/api.w.org\/{rel}","templated":true}]}}