{"id":44293,"date":"2024-01-30T18:51:15","date_gmt":"2024-01-30T17:51:15","guid":{"rendered":"https:\/\/cannahouse.be\/produit\/venty-vaporizer-storz-bickel\/"},"modified":"2025-12-16T18:38:51","modified_gmt":"2025-12-16T17:38:51","slug":"venty-vaporizer-storz-bickel","status":"publish","type":"product","link":"https:\/\/cannahouse.be\/en\/product\/venty-vaporizer-storz-bickel\/","title":{"rendered":"VENTY vaporizer Storz-Bickel"},"content":{"rendered":"\t\t<div data-elementor-type=\"product-post\" data-elementor-id=\"44293\" class=\"elementor elementor-44293 elementor-43627\" data-elementor-post-type=\"product\">\n\t\t\t\t\t\t<section class=\"wd-negative-gap elementor-section elementor-top-section elementor-element elementor-element-228458ce elementor-section-boxed elementor-section-height-default elementor-section-height-default\" data-id=\"228458ce\" data-element_type=\"section\" data-e-type=\"section\">\n\t\t\t\t\t\t<div class=\"elementor-container elementor-column-gap-default\">\n\t\t\t\t\t<div class=\"elementor-column elementor-col-100 elementor-top-column elementor-element elementor-element-6e21f14b\" data-id=\"6e21f14b\" data-element_type=\"column\" data-e-type=\"column\">\n\t\t\t<div class=\"elementor-widget-wrap elementor-element-populated\">\n\t\t\t\t\t\t<div class=\"elementor-element elementor-element-543eb1b8 color-scheme-inherit text-left elementor-widget elementor-widget-text-editor\" data-id=\"543eb1b8\" data-element_type=\"widget\" data-e-type=\"widget\" data-widget_type=\"text-editor.default\">\n\t\t\t\t<div class=\"elementor-widget-container\">\n\t\t\t\t\t\t\t\t\t<p>La nouvelle g\u00e9n\u00e9ration <strong>de vaporisateur portable Venty<\/strong> dispose d&#8217;un tout nouveau syst\u00e8me de chauffage hybride par convection\/conduction ainsi que d&#8217;un r\u00e9glage du flux d&#8217;air, et son application connect\u00e9e fait de la vaporisation de vos herbes pr\u00e9f\u00e9r\u00e9es une exp\u00e9rience amusante et facile.<\/p>\n<p><strong>Le vaporisateur Venty de Storz &amp; Bickel<\/strong> brille par ses superlatifs : un mini chauffage sp\u00e9cialement d\u00e9velopp\u00e9, un flux d&#8217;air massif et r\u00e9glable, un temps de chauffe rapide, deux batteries puissantes, un chargement rapide par USB-C et un contr\u00f4le via l&#8217;appli !<\/p>\n<h2><strong>Le vaporisateur haut de gamme<\/strong><\/h2>\n<p>Storz &amp; Bickel a une fois de plus r\u00e9ussi \u00e0 combiner la forme et la fonctionnalit\u00e9 dans un vaporisateur de premier ordre, avec des performances \u00e9lev\u00e9es et une qualit\u00e9 de vapeur optimale.<br \/>Le Venty est un vaporisateur relativement compact qui tient tr\u00e8s bien dans la main.<\/p>\n<p>Il n&#8217;a rien \u00e0 envier aux appareils plus grands, bien au contraire ! Gr\u00e2ce \u00e0 son nouveau mini-chauffeur, il ne se contente pas de chauffer la chambre en 20 secondes, mais garantit \u00e9galement des nuages de vapeur massifs, frais et aromatiques, sans br\u00fbler votre produit.<\/p>\n<h3><strong>Flux d&#8217;air puissant et r\u00e9glable\u00a0<\/strong><\/h3>\n<p>Avec son d\u00e9bit d&#8217;air de 20 litres par minute, le Venty est le vaporisateur avec le d\u00e9bit d&#8217;air le plus \u00e9lev\u00e9 de tous les appareils portables de Storz&amp;Bickel. Vous pouvez r\u00e9gler le d\u00e9bit d&#8217;air sur diff\u00e9rents niveaux et trouver le d\u00e9bit parfait pour vous.<\/p>\n<p>Storz &amp; Bickel a \u00e9quip\u00e9 le Venty d&#8217;un d\u00e9bitm\u00e8tre pour le flux d&#8217;air. L&#8217;\u00e9lectronique de commande peut ainsi adapter en permanence la puissance de chauffage aux besoins et maintenir continuellement la temp\u00e9rature dans la chambre de remplissage dans la plage d\u00e9finie.<\/p>\n<h3><strong>Deux batteries haute performance\u00a0<\/strong><\/h3>\n<p>Avec ses deux batteries lithium-ion 18650, le Venty peut \u00e0 juste titre \u00eatre d\u00e9crit comme une v\u00e9ritable centrale \u00e9lectrique. Les batteries couvrent facilement la consommation maximale de 120 watts \/ 16 amp\u00e8res et peuvent \u00eatre charg\u00e9es \u00e0 80 % en seulement 40 minutes via USB-C avec la fonction Supercharge.<\/p>\n<h3><strong>Contr\u00f4le de la temp\u00e9rature variable<\/strong><\/h3>\n<p>En respectant vos pr\u00e9f\u00e9rences personnelles, vous pouvez faire fonctionner le Venty dans une plage de temp\u00e9rature allant de 40 \u00b0C \u00e0 210 \u00b0C. En plus du contr\u00f4le variable de la temp\u00e9rature, vous pouvez bien s\u00fbr utiliser la temp\u00e9rature de base pr\u00e9programm\u00e9e de 180 \u00b0C.<br \/>En plus de la temp\u00e9rature de base, il existe \u00e9galement une temp\u00e9rature d&#8217;appoint et une temp\u00e9rature de surchauffe.<\/p>\n<p>Ces deux niveaux de chauffage fournissent chacun 15 \u00b0C de plus que la temp\u00e9rature de base ou la temp\u00e9rature d&#8217;appoint pendant 90 secondes. Vous pouvez modifier les r\u00e9glages des deux temp\u00e9ratures d&#8217;appoint et divers autres param\u00e8tres via l&#8217;application web. Les \u00e9ventuelles mises \u00e0 jour du micrologiciel peuvent \u00e9galement \u00eatre install\u00e9es rapidement \u00e0 l&#8217;aide de l&#8217;application.<\/p>\n<p>D\u00e9bit d&#8217;air r\u00e9glable jusqu&#8217;\u00e0 20 litres\/minute<br \/>Chauffage rapide en 20 secondes seulement !<br \/>Dot\u00e9 de notre nouveau mini-chauffage par convection et conduction = pas de br\u00fblure, juste de gros nuages de vapeur savoureux.<\/p>\n<p>Temp\u00e9rature r\u00e9glable avec pr\u00e9cision de 40\u00b0C \u00e0 210\u00b0 sur l&#8217;appareil.<br \/>Chargement USB-C incluant la fonction Supercharge : 80% de charge en 40 minutes.*<br \/>Connectivit\u00e9 Bluetooth et contr\u00f4le par application web.<br \/>Temp\u00e9rature Boost &amp; Superboost int\u00e9gr\u00e9e pour une commodit\u00e9 maximale.<br \/>2 batteries lithium-ion haute puissance<br \/>Certifi\u00e9 UL<br \/>Garantie de 2 ans + 1 an sur enregistrement<\/p>\n<h3><strong>Comparaison des caract\u00e9ristiques\u00a0<\/strong><\/h3>\n<p><strong>MIGHTY+<\/strong><br \/>Conserve un design familier mais am\u00e9lior\u00e9, les ailettes incurv\u00e9es et les boutons de commande orange apportent une touche de modernit\u00e9, en abandonnant l&#8217;ancien look &#8220;r\u00e9chauffeur&#8221;.<br \/><strong>VENTY<\/strong><br \/>Compact et efficace, le design du Venty met l&#8217;accent sur le flux d&#8217;air et les performances rapides.<\/p>\n<p><strong>Module de chauffage :<\/strong><br \/><strong>MIGHTY+<\/strong><br \/>L&#8217;appareil combine le chauffage par conduction et par convection, ce qui garantit une vaporisation optimale des herbes.<br \/><strong>VENTY<\/strong><br \/>Gr\u00e2ce \u00e0 un nouveau mini-chauffage par convection et conduction, l&#8217;appareil promet de ne pas br\u00fbler, mais de produire de la vapeur pure.<\/p>\n<p><strong>Temps de chauffe :<\/strong><br \/><strong>MIGHTY+<\/strong><br \/>Le temps de chauffe est environ 25 % plus rapide que son pr\u00e9d\u00e9cesseur, soit moins d&#8217;une minute.<br \/><strong>VENTY<\/strong><br \/>Remporte la palme avec un temps de chauffe rapide comme l&#8217;\u00e9clair de seulement 20 secondes.<\/p>\n<p><strong>Batterie et charge :<\/strong><br \/><strong>MIGHTY+<\/strong><br \/>L&#8217;introduction d&#8217;un port USB-C rend la charge pratique, avec une vitesse de charge presque doubl\u00e9e en utilisant un chargeur rapide.<br \/><strong>VENTY<\/strong><br \/>Adopte \u00e9galement la charge USB-C, avec une charge de 80 % r\u00e9alisable en seulement 40 minutes avec la bonne alimentation.<\/p>\n<p><strong>Contr\u00f4le de la temp\u00e9rature :<\/strong><br \/><strong>MIGHTY+<\/strong><br \/>Les utilisateurs peuvent rapidement ajuster les temp\u00e9ratures et m\u00eame passer \u00e0 220\u00b0C (428\u00b0F) par une simple combinaison de boutons.<br \/><strong>VENTY<\/strong><br \/>Offre un contr\u00f4le pr\u00e9cis de la temp\u00e9rature de 40\u00b0C \u00e0 210\u00b0C (104\u00b0F \u00e0 410\u00b0F).<\/p>\n<p><strong>Connectivit\u00e9 :<\/strong><br \/><strong>MIGHTY+ (PUISSANT)<\/strong><br \/>Une approche plus traditionnelle avec des commandes tactiles.<br \/><strong>VENTY<\/strong><\/p>\n<p>Dot\u00e9 d&#8217;une connectivit\u00e9 Bluetooth et d&#8217;un contr\u00f4le par application Web, ce mod\u00e8le offre une exp\u00e9rience transparente aux utilisateurs avertis.<\/p>\n<p><strong>Garantie :<\/strong><br \/><strong>MIGHTY+<\/strong><br \/>Offre une garantie de 2 ans, avec une ann\u00e9e suppl\u00e9mentaire en cas d&#8217;enregistrement.<br \/><strong>VENTY<\/strong><br \/>Offre une garantie de 2 ans et un an suppl\u00e9mentaire lors de l&#8217;enregistrement.<\/p>\n<p><strong>Verdict :<\/strong><br \/>Pour ceux qui ont appr\u00e9ci\u00e9 l&#8217;h\u00e9ritage du vaporisateur Mighty original, le Mighty+ repr\u00e9sente un successeur digne, introduisant des am\u00e9liorations subtiles mais significatives. C&#8217;est le choix optimal pour ceux qui recherchent une exp\u00e9rience de vaporisation confirm\u00e9e.<\/p>\n<p>D&#8217;un autre c\u00f4t\u00e9, pour ceux qui privil\u00e9gient la rapidit\u00e9, des fonctionnalit\u00e9s avant-gardistes et une exp\u00e9rience de flux d&#8217;air unique, le vaporisateur Venty pourrait r\u00e9volutionner la donne. Il se destine particuli\u00e8rement \u00e0 ceux qui consid\u00e8rent leur vaporisateur comme une extension essentielle de leur \u00e9quipement.<\/p>\n<p>Que vous optiez pour le <a href=\"https:\/\/cannahouse.be\/produit\/mighty-storz-bickel-vaporisateur\/\">Mighty+<\/a> ou le Venty, une chose est certaine : Storz&amp;Bickel continue d&#8217;\u00e9tablir des normes industrielles en proposant des solutions de vaporisation haut de gamme pour tous les passionn\u00e9s. Faites votre choix en fonction de vos pr\u00e9f\u00e9rences, avec l&#8217;assurance que l&#8217;un ou l&#8217;autre de ces mod\u00e8les am\u00e9liorera consid\u00e9rablement votre exp\u00e9rience de vapotage.<\/p>\n<p><a href=\"https:\/\/cannahouse.be\/categorie\/vaporisateur\/?filter_brand=storz-bickel&amp;query_type_brand=or\">Storz&amp;Bickel :<\/a><\/p>\n<p><a href=\"https:\/\/cannahouse.be\/categorie\/vaporisateur\/accessoire\/?filter_brand=storz-bickel&amp;query_type_brand=or\">Accessoires :<\/a><\/p>\n<h3><strong>Contenu de la boite\u00a0<\/strong><\/h3>\n<p>1 x VENTY<br \/>1 x C\u00e2ble USB-C<br \/>(prise USB type C vers USB type C)<br \/>2 x \u00c9cran normal, petit<br \/>3 x \u00c9cran grossier, petit<br \/>2 x \u00c9cran de l&#8217;unit\u00e9 de refroidissement<br \/>2 x Joint torique \u00d89&#215;1,5 mm<br \/>1 x Outil de la chambre de remplissage<br \/>1 x Brosse de nettoyage<br \/>1 x Mode d&#8217;emploi (concis)<\/p>\n<p><strong>Dimensions et poids<\/strong><br \/>Largeur : 5,5 cm<br \/>Hauteur : 15,7 cm<br \/>Profondeur : 3,7 cm<br \/>Poids : 252 g<\/p>\n\t\t\t\t\t\t\t\t<\/div>\n\t\t\t\t<\/div>\n\t\t\t\t\t<\/div>\n\t\t<\/div>\n\t\t\t\t\t<\/div>\n\t\t<\/section>\n\t\t\t\t<\/div>\n\t\t","protected":false},"excerpt":{"rendered":"<p>The VENTY is the fastest and first vaporizer of its kind to feature an adjustable airflow. Although portable, it&#8217;s highly efficient, taking just 20 seconds to heat up, while delivering an astonishing 20 liters\/minute of airflow at maximum stage.<\/p>\n<p>If you&#8217;re looking for a versatile product from <a href=\"https:\/\/cannahouse.be\/categorie\/vaporisateur\/?filter_brand=storz-bickel&amp;query_type_brand=or\">Storz&amp;Bickel<\/a>, the VENTY is the vaporizer for you!<\/p>\n","protected":false},"featured_media":43811,"template":"","meta":[],"product_brand":[],"product_cat":[480,489],"product_tag":[],"class_list":{"0":"post-44293","1":"product","2":"type-product","3":"status-publish","4":"has-post-thumbnail","6":"product_cat-vaporizer","7":"product_cat-portable-vaporizer","9":"first","10":"instock","11":"sale","12":"taxable","13":"shipping-taxable","14":"purchasable","15":"product-type-simple"},"_links":{"self":[{"href":"https:\/\/cannahouse.be\/en\/wp-json\/wp\/v2\/product\/44293","targetHints":{"allow":["GET"]}}],"collection":[{"href":"https:\/\/cannahouse.be\/en\/wp-json\/wp\/v2\/product"}],"about":[{"href":"https:\/\/cannahouse.be\/en\/wp-json\/wp\/v2\/types\/product"}],"version-history":[{"count":0,"href":"https:\/\/cannahouse.be\/en\/wp-json\/wp\/v2\/product\/44293\/revisions"}],"wp:featuredmedia":[{"embeddable":true,"href":"https:\/\/cannahouse.be\/en\/wp-json\/wp\/v2\/media\/43811"}],"wp:attachment":[{"href":"https:\/\/cannahouse.be\/en\/wp-json\/wp\/v2\/media?parent=44293"}],"wp:term":[{"taxonomy":"product_brand","embeddable":true,"href":"https:\/\/cannahouse.be\/en\/wp-json\/wp\/v2\/product_brand?post=44293"},{"taxonomy":"product_cat","embeddable":true,"href":"https:\/\/cannahouse.be\/en\/wp-json\/wp\/v2\/product_cat?post=44293"},{"taxonomy":"product_tag","embeddable":true,"href":"https:\/\/cannahouse.be\/en\/wp-json\/wp\/v2\/product_tag?post=44293"}],"curies":[{"name":"wp","href":"https:\/\/api.w.org\/{rel}","templated":true}]}}